{"id":7996,"date":"2020-09-15T17:53:09","date_gmt":"2020-09-15T17:53:09","guid":{"rendered":"https:\/\/itwredhead.ca\/product\/hammer-set-anchors\/"},"modified":"2021-03-15T01:22:36","modified_gmt":"2021-03-15T01:22:36","slug":"hammer-set-anchors","status":"publish","type":"product","link":"https:\/\/itwredhead.ca\/fr\/produit\/hammer-set-anchors\/","title":{"rendered":"Hammer-Set"},"content":{"rendered":"<h3><strong>AVANTAGES<\/strong><\/h3>\n<ul>\n<li>Installation rapide et facile<\/li>\n<li>Fonctionne dans le b\u00e9ton, le bloc et la brique<\/li>\n<li>Installer \u00e0 travers le mat\u00e9riau \u00e0 fixer<\/li>\n<li>Style de t\u00eate champignon \u00e0 profil bas<\/li>\n<\/ul>\n<h3><strong>DIRECTIVES D&rsquo;INSTALLATION\u00a0<\/strong><\/h3>\n<ol>\n<li>Percez un trou de taille convenable \u00e0 travers le mat\u00e9riau \u00e0 fixer dans le mat\u00e9riau de base.<\/li>\n<li>Nettoyez le trou.<\/li>\n<li>Ins\u00e9rez le Hammer-Set dans le trou jusqu\u2019\u00e0 ce que la t\u00eate du corps d\u2019ancrage soit au m\u00eame niveau que le mat\u00e9riau \u00e0 fixer. Tapotez le clou jusqu\u2019\u00e0 ce qu\u2019il affleure la t\u00eate de l\u2019ancrage. Assurez-vous que l\u2019enfoncement minimum est de 1\/4 po plus profond que l\u2019enfoncement de l\u2019ancrage. Soyez certain que la t\u00eate est fermement appuy\u00e9e contre l\u2019objet \u00e0 fixer<\/li>\n<li>L\u2019ancre est maintenant pos\u00e9e. ** NON RECOMMAND\u00c9 POUR LA POSE EN SURPLOMB **<\/li>\n<\/ol>\n<p>&nbsp;<\/p>\n","protected":false},"excerpt":{"rendered":"<p>L\u2019ancrage monobloc en acier zingu\u00e9 Hammer-Set se compose d\u2019un corps \u00e0 expansion et d\u2019une broche d\u2019entra\u00eenement \u00e0 expansion. Les ancrages respectent ou d\u00e9passent la sp\u00e9cification GSA\u00a0AA-1925A Type\u00a01. (Anciennement GSA\u00a0: FF-S-325 Groupe V, Type\u00a02, Classe 3)<\/p>\n","protected":false},"featured_media":7876,"template":"","meta":{"_acf_changed":false,"inline_featured_image":false},"product_brand":[],"product_cat":[168,170],"product_tag":[],"class_list":{"0":"post-7996","1":"product","2":"type-product","3":"status-publish","4":"has-post-thumbnail","6":"product_cat-ancrages-mecaniques","7":"product_cat-hammerset-fr","9":"first","10":"instock","11":"product-type-simple"},"acf":[],"yoast_head":"<!-- This site is optimized with the Yoast SEO plugin v27.2 - https:\/\/yoast.com\/product\/yoast-seo-wordpress\/ -->\n<title>Hammer-Set - Red Head<\/title>\n<meta name=\"robots\" content=\"index, follow, max-snippet:-1, max-image-preview:large, max-video-preview:-1\" \/>\n<link rel=\"canonical\" href=\"https:\/\/itwredhead.ca\/fr\/produit\/hammer-set-anchors\/\" \/>\n<meta property=\"og:locale\" content=\"fr_FR\" \/>\n<meta property=\"og:type\" content=\"article\" \/>\n<meta property=\"og:title\" content=\"Hammer-Set - Red Head\" \/>\n<meta property=\"og:description\" content=\"L\u2019ancrage monobloc en acier zingu\u00e9 Hammer-Set se compose d\u2019un corps \u00e0 expansion et d\u2019une broche d\u2019entra\u00eenement \u00e0 expansion. Les ancrages respectent ou d\u00e9passent la sp\u00e9cification GSA\u00a0AA-1925A Type\u00a01. (Anciennement GSA\u00a0: FF-S-325 Groupe V, Type\u00a02, Classe 3)\" \/>\n<meta property=\"og:url\" content=\"https:\/\/itwredhead.ca\/fr\/produit\/hammer-set-anchors\/\" \/>\n<meta property=\"og:site_name\" content=\"Red Head\" \/>\n<meta property=\"article:modified_time\" content=\"2021-03-15T01:22:36+00:00\" \/>\n<meta property=\"og:image\" content=\"https:\/\/itwredhead.ca\/wp-content\/uploads\/sites\/6\/2020\/09\/Hammer-Set_1.png\" \/>\n\t<meta property=\"og:image:width\" content=\"1000\" \/>\n\t<meta property=\"og:image:height\" content=\"1000\" \/>\n\t<meta property=\"og:image:type\" content=\"image\/png\" \/>\n<meta name=\"twitter:card\" content=\"summary_large_image\" \/>\n<meta name=\"twitter:label1\" content=\"Dur\u00e9e de lecture estim\u00e9e\" \/>\n\t<meta name=\"twitter:data1\" content=\"1 minute\" \/>\n<script type=\"application\/ld+json\" class=\"yoast-schema-graph\">{\"@context\":\"https:\/\/schema.org\",\"@graph\":[{\"@type\":\"WebPage\",\"@id\":\"https:\/\/itwredhead.ca\/fr\/produit\/hammer-set-anchors\/\",\"url\":\"https:\/\/itwredhead.ca\/fr\/produit\/hammer-set-anchors\/\",\"name\":\"Hammer-Set - Red Head\",\"isPartOf\":{\"@id\":\"https:\/\/itwredhead.ca\/fr\/#website\"},\"primaryImageOfPage\":{\"@id\":\"https:\/\/itwredhead.ca\/fr\/produit\/hammer-set-anchors\/#primaryimage\"},\"image\":{\"@id\":\"https:\/\/itwredhead.ca\/fr\/produit\/hammer-set-anchors\/#primaryimage\"},\"thumbnailUrl\":\"https:\/\/itwredhead.ca\/wp-content\/uploads\/sites\/6\/2020\/09\/Hammer-Set_1.png\",\"datePublished\":\"2020-09-15T17:53:09+00:00\",\"dateModified\":\"2021-03-15T01:22:36+00:00\",\"breadcrumb\":{\"@id\":\"https:\/\/itwredhead.ca\/fr\/produit\/hammer-set-anchors\/#breadcrumb\"},\"inLanguage\":\"fr-FR\",\"potentialAction\":[{\"@type\":\"ReadAction\",\"target\":[\"https:\/\/itwredhead.ca\/fr\/produit\/hammer-set-anchors\/\"]}]},{\"@type\":\"ImageObject\",\"inLanguage\":\"fr-FR\",\"@id\":\"https:\/\/itwredhead.ca\/fr\/produit\/hammer-set-anchors\/#primaryimage\",\"url\":\"https:\/\/itwredhead.ca\/wp-content\/uploads\/sites\/6\/2020\/09\/Hammer-Set_1.png\",\"contentUrl\":\"https:\/\/itwredhead.ca\/wp-content\/uploads\/sites\/6\/2020\/09\/Hammer-Set_1.png\",\"width\":1000,\"height\":1000},{\"@type\":\"BreadcrumbList\",\"@id\":\"https:\/\/itwredhead.ca\/fr\/produit\/hammer-set-anchors\/#breadcrumb\",\"itemListElement\":[{\"@type\":\"ListItem\",\"position\":1,\"name\":\"Home\",\"item\":\"https:\/\/itwredhead.ca\/fr\/\"},{\"@type\":\"ListItem\",\"position\":2,\"name\":\"Boutique\",\"item\":\"https:\/\/itwredhead.ca\/fr\/boutique\/\"},{\"@type\":\"ListItem\",\"position\":3,\"name\":\"Hammer-Set\"}]},{\"@type\":\"WebSite\",\"@id\":\"https:\/\/itwredhead.ca\/fr\/#website\",\"url\":\"https:\/\/itwredhead.ca\/fr\/\",\"name\":\"Red Head\",\"description\":\"Concrete Anchoring and Reinforcing Solutions\",\"potentialAction\":[{\"@type\":\"SearchAction\",\"target\":{\"@type\":\"EntryPoint\",\"urlTemplate\":\"https:\/\/itwredhead.ca\/fr\/?s={search_term_string}\"},\"query-input\":{\"@type\":\"PropertyValueSpecification\",\"valueRequired\":true,\"valueName\":\"search_term_string\"}}],\"inLanguage\":\"fr-FR\"}]}<\/script>\n<!-- \/ Yoast SEO plugin. -->","yoast_head_json":{"title":"Hammer-Set - Red Head","robots":{"index":"index","follow":"follow","max-snippet":"max-snippet:-1","max-image-preview":"max-image-preview:large","max-video-preview":"max-video-preview:-1"},"canonical":"https:\/\/itwredhead.ca\/fr\/produit\/hammer-set-anchors\/","og_locale":"fr_FR","og_type":"article","og_title":"Hammer-Set - Red Head","og_description":"L\u2019ancrage monobloc en acier zingu\u00e9 Hammer-Set se compose d\u2019un corps \u00e0 expansion et d\u2019une broche d\u2019entra\u00eenement \u00e0 expansion. Les ancrages respectent ou d\u00e9passent la sp\u00e9cification GSA\u00a0AA-1925A Type\u00a01. (Anciennement GSA\u00a0: FF-S-325 Groupe V, Type\u00a02, Classe 3)","og_url":"https:\/\/itwredhead.ca\/fr\/produit\/hammer-set-anchors\/","og_site_name":"Red Head","article_modified_time":"2021-03-15T01:22:36+00:00","og_image":[{"width":1000,"height":1000,"url":"https:\/\/itwredhead.ca\/wp-content\/uploads\/sites\/6\/2020\/09\/Hammer-Set_1.png","type":"image\/png"}],"twitter_card":"summary_large_image","twitter_misc":{"Dur\u00e9e de lecture estim\u00e9e":"1 minute"},"schema":{"@context":"https:\/\/schema.org","@graph":[{"@type":"WebPage","@id":"https:\/\/itwredhead.ca\/fr\/produit\/hammer-set-anchors\/","url":"https:\/\/itwredhead.ca\/fr\/produit\/hammer-set-anchors\/","name":"Hammer-Set - Red Head","isPartOf":{"@id":"https:\/\/itwredhead.ca\/fr\/#website"},"primaryImageOfPage":{"@id":"https:\/\/itwredhead.ca\/fr\/produit\/hammer-set-anchors\/#primaryimage"},"image":{"@id":"https:\/\/itwredhead.ca\/fr\/produit\/hammer-set-anchors\/#primaryimage"},"thumbnailUrl":"https:\/\/itwredhead.ca\/wp-content\/uploads\/sites\/6\/2020\/09\/Hammer-Set_1.png","datePublished":"2020-09-15T17:53:09+00:00","dateModified":"2021-03-15T01:22:36+00:00","breadcrumb":{"@id":"https:\/\/itwredhead.ca\/fr\/produit\/hammer-set-anchors\/#breadcrumb"},"inLanguage":"fr-FR","potentialAction":[{"@type":"ReadAction","target":["https:\/\/itwredhead.ca\/fr\/produit\/hammer-set-anchors\/"]}]},{"@type":"ImageObject","inLanguage":"fr-FR","@id":"https:\/\/itwredhead.ca\/fr\/produit\/hammer-set-anchors\/#primaryimage","url":"https:\/\/itwredhead.ca\/wp-content\/uploads\/sites\/6\/2020\/09\/Hammer-Set_1.png","contentUrl":"https:\/\/itwredhead.ca\/wp-content\/uploads\/sites\/6\/2020\/09\/Hammer-Set_1.png","width":1000,"height":1000},{"@type":"BreadcrumbList","@id":"https:\/\/itwredhead.ca\/fr\/produit\/hammer-set-anchors\/#breadcrumb","itemListElement":[{"@type":"ListItem","position":1,"name":"Home","item":"https:\/\/itwredhead.ca\/fr\/"},{"@type":"ListItem","position":2,"name":"Boutique","item":"https:\/\/itwredhead.ca\/fr\/boutique\/"},{"@type":"ListItem","position":3,"name":"Hammer-Set"}]},{"@type":"WebSite","@id":"https:\/\/itwredhead.ca\/fr\/#website","url":"https:\/\/itwredhead.ca\/fr\/","name":"Red Head","description":"Concrete Anchoring and Reinforcing Solutions","potentialAction":[{"@type":"SearchAction","target":{"@type":"EntryPoint","urlTemplate":"https:\/\/itwredhead.ca\/fr\/?s={search_term_string}"},"query-input":{"@type":"PropertyValueSpecification","valueRequired":true,"valueName":"search_term_string"}}],"inLanguage":"fr-FR"}]}},"_links":{"self":[{"href":"https:\/\/itwredhead.ca\/fr\/wp-json\/wp\/v2\/product\/7996","targetHints":{"allow":["GET"]}}],"collection":[{"href":"https:\/\/itwredhead.ca\/fr\/wp-json\/wp\/v2\/product"}],"about":[{"href":"https:\/\/itwredhead.ca\/fr\/wp-json\/wp\/v2\/types\/product"}],"wp:featuredmedia":[{"embeddable":true,"href":"https:\/\/itwredhead.ca\/fr\/wp-json\/wp\/v2\/media\/7876"}],"wp:attachment":[{"href":"https:\/\/itwredhead.ca\/fr\/wp-json\/wp\/v2\/media?parent=7996"}],"wp:term":[{"taxonomy":"product_brand","embeddable":true,"href":"https:\/\/itwredhead.ca\/fr\/wp-json\/wp\/v2\/product_brand?post=7996"},{"taxonomy":"product_cat","embeddable":true,"href":"https:\/\/itwredhead.ca\/fr\/wp-json\/wp\/v2\/product_cat?post=7996"},{"taxonomy":"product_tag","embeddable":true,"href":"https:\/\/itwredhead.ca\/fr\/wp-json\/wp\/v2\/product_tag?post=7996"}],"curies":[{"name":"wp","href":"https:\/\/api.w.org\/{rel}","templated":true}]}}