{"id":7995,"date":"2020-09-15T17:53:09","date_gmt":"2020-09-15T17:53:09","guid":{"rendered":"https:\/\/itwredhead.ca\/product\/dynabolt-sleeve-anchors\/"},"modified":"2021-03-15T01:18:10","modified_gmt":"2021-03-15T01:18:10","slug":"dynabolt-sleeve-anchors","status":"publish","type":"product","link":"https:\/\/itwredhead.ca\/fr\/produit\/dynabolt-sleeve-anchors\/","title":{"rendered":"Manchon Dynabolt"},"content":{"rendered":"<h3><strong>AVANTAGES<\/strong><\/h3>\n<ul>\n<li>Le diam\u00e8tre de l\u2019ancrage est \u00e9gal au diam\u00e8tre du trou<\/li>\n<li>Disponible en t\u00eate hexagonale et t\u00eate plate Phillips<\/li>\n<li>Disponible en diam\u00e8tres de 5\/16 &#8211; 5\/8 po et en longueurs de jusqu\u2019\u00e0 6-1\/4 po<\/li>\n<li>Acier au carbone zingu\u00e9<\/li>\n<li>Fournit un contact de trou complet \u00e0 360 \u00b0 sur une grande surface et r\u00e9duit les contraintes du b\u00e9ton<\/li>\n<li>Capacit\u00e9 de chargement lourd<\/li>\n<li>Pr\u00e9-assembl\u00e9 pour des installations plus rapides et plus faciles<\/li>\n<li>Dynabolt peut \u00eatre install\u00e9 \u00e0 travers un objet \u00e0 fixer<\/li>\n<li>La conception du manchon am\u00e9liore la puissance de maintien<\/li>\n<li>Aucun besoin d&rsquo;avant-trous<\/li>\n<\/ul>\n","protected":false},"excerpt":{"rendered":"<p>Les ancrages \u00e0 manchon Dynabolt sont sp\u00e9cifi\u00e9s pour l\u2019ancrage dans le b\u00e9ton, la ma\u00e7onnerie, les blocs remplis de coulis et les blocs creux. Ils comportent un manchon \u00e0 expansion fendu sur un corps de boulon filet\u00e9 et un extenseur int\u00e9gr\u00e9, un \u00e9crou et une rondelle. Les ancrages sont faits d\u2019acier au carbone plaqu\u00e9 ou d\u2019acier inoxydable de type\u00a018-8. Les ancrages doivent \u00eatre install\u00e9s avec des forets pour perceuse \u00e0 percussion en carbure fabriqu\u00e9s conform\u00e9ment \u00e0 la norme ANSI\u00a0B212.15-1994 et sont test\u00e9s selon les crit\u00e8res ASTM\u00a0E488.<\/p>\n<p>&nbsp;<\/p>\n","protected":false},"featured_media":7879,"template":"","meta":{"_acf_changed":false,"inline_featured_image":false},"product_brand":[],"product_cat":[168,169],"product_tag":[],"class_list":{"0":"post-7995","1":"product","2":"type-product","3":"status-publish","4":"has-post-thumbnail","6":"product_cat-ancrages-mecaniques","7":"product_cat-dynabolt-fr","9":"first","10":"instock","11":"product-type-simple"},"acf":[],"yoast_head":"<!-- This site is optimized with the Yoast SEO plugin v27.2 - https:\/\/yoast.com\/product\/yoast-seo-wordpress\/ -->\n<title>Manchon Dynabolt - Red Head<\/title>\n<meta name=\"robots\" content=\"index, follow, max-snippet:-1, max-image-preview:large, max-video-preview:-1\" \/>\n<link rel=\"canonical\" href=\"https:\/\/itwredhead.ca\/fr\/produit\/dynabolt-sleeve-anchors\/\" \/>\n<meta property=\"og:locale\" content=\"fr_FR\" \/>\n<meta property=\"og:type\" content=\"article\" \/>\n<meta property=\"og:title\" content=\"Manchon Dynabolt - Red Head\" \/>\n<meta property=\"og:description\" content=\"Les ancrages \u00e0 manchon Dynabolt sont sp\u00e9cifi\u00e9s pour l\u2019ancrage dans le b\u00e9ton, la ma\u00e7onnerie, les blocs remplis de coulis et les blocs creux. Ils comportent un manchon \u00e0 expansion fendu sur un corps de boulon filet\u00e9 et un extenseur int\u00e9gr\u00e9, un \u00e9crou et une rondelle. Les ancrages sont faits d\u2019acier au carbone plaqu\u00e9 ou d\u2019acier inoxydable de type\u00a018-8. Les ancrages doivent \u00eatre install\u00e9s avec des forets pour perceuse \u00e0 percussion en carbure fabriqu\u00e9s conform\u00e9ment \u00e0 la norme ANSI\u00a0B212.15-1994 et sont test\u00e9s selon les crit\u00e8res ASTM\u00a0E488.  &nbsp;\" \/>\n<meta property=\"og:url\" content=\"https:\/\/itwredhead.ca\/fr\/produit\/dynabolt-sleeve-anchors\/\" \/>\n<meta property=\"og:site_name\" content=\"Red Head\" \/>\n<meta property=\"article:modified_time\" content=\"2021-03-15T01:18:10+00:00\" \/>\n<meta property=\"og:image\" content=\"https:\/\/itwredhead.ca\/wp-content\/uploads\/sites\/6\/2020\/09\/Dynabolt_Sleeve-Anchor_Vertical.png\" \/>\n\t<meta property=\"og:image:width\" content=\"1000\" \/>\n\t<meta property=\"og:image:height\" content=\"1000\" \/>\n\t<meta property=\"og:image:type\" content=\"image\/png\" \/>\n<meta name=\"twitter:card\" content=\"summary_large_image\" \/>\n<script type=\"application\/ld+json\" class=\"yoast-schema-graph\">{\"@context\":\"https:\/\/schema.org\",\"@graph\":[{\"@type\":\"WebPage\",\"@id\":\"https:\/\/itwredhead.ca\/fr\/produit\/dynabolt-sleeve-anchors\/\",\"url\":\"https:\/\/itwredhead.ca\/fr\/produit\/dynabolt-sleeve-anchors\/\",\"name\":\"Manchon Dynabolt - Red Head\",\"isPartOf\":{\"@id\":\"https:\/\/itwredhead.ca\/fr\/#website\"},\"primaryImageOfPage\":{\"@id\":\"https:\/\/itwredhead.ca\/fr\/produit\/dynabolt-sleeve-anchors\/#primaryimage\"},\"image\":{\"@id\":\"https:\/\/itwredhead.ca\/fr\/produit\/dynabolt-sleeve-anchors\/#primaryimage\"},\"thumbnailUrl\":\"https:\/\/itwredhead.ca\/wp-content\/uploads\/sites\/6\/2020\/09\/Dynabolt_Sleeve-Anchor_Vertical.png\",\"datePublished\":\"2020-09-15T17:53:09+00:00\",\"dateModified\":\"2021-03-15T01:18:10+00:00\",\"breadcrumb\":{\"@id\":\"https:\/\/itwredhead.ca\/fr\/produit\/dynabolt-sleeve-anchors\/#breadcrumb\"},\"inLanguage\":\"fr-FR\",\"potentialAction\":[{\"@type\":\"ReadAction\",\"target\":[\"https:\/\/itwredhead.ca\/fr\/produit\/dynabolt-sleeve-anchors\/\"]}]},{\"@type\":\"ImageObject\",\"inLanguage\":\"fr-FR\",\"@id\":\"https:\/\/itwredhead.ca\/fr\/produit\/dynabolt-sleeve-anchors\/#primaryimage\",\"url\":\"https:\/\/itwredhead.ca\/wp-content\/uploads\/sites\/6\/2020\/09\/Dynabolt_Sleeve-Anchor_Vertical.png\",\"contentUrl\":\"https:\/\/itwredhead.ca\/wp-content\/uploads\/sites\/6\/2020\/09\/Dynabolt_Sleeve-Anchor_Vertical.png\",\"width\":1000,\"height\":1000},{\"@type\":\"BreadcrumbList\",\"@id\":\"https:\/\/itwredhead.ca\/fr\/produit\/dynabolt-sleeve-anchors\/#breadcrumb\",\"itemListElement\":[{\"@type\":\"ListItem\",\"position\":1,\"name\":\"Home\",\"item\":\"https:\/\/itwredhead.ca\/fr\/\"},{\"@type\":\"ListItem\",\"position\":2,\"name\":\"Boutique\",\"item\":\"https:\/\/itwredhead.ca\/fr\/boutique\/\"},{\"@type\":\"ListItem\",\"position\":3,\"name\":\"Manchon Dynabolt\"}]},{\"@type\":\"WebSite\",\"@id\":\"https:\/\/itwredhead.ca\/fr\/#website\",\"url\":\"https:\/\/itwredhead.ca\/fr\/\",\"name\":\"Red Head\",\"description\":\"Concrete Anchoring and Reinforcing Solutions\",\"potentialAction\":[{\"@type\":\"SearchAction\",\"target\":{\"@type\":\"EntryPoint\",\"urlTemplate\":\"https:\/\/itwredhead.ca\/fr\/?s={search_term_string}\"},\"query-input\":{\"@type\":\"PropertyValueSpecification\",\"valueRequired\":true,\"valueName\":\"search_term_string\"}}],\"inLanguage\":\"fr-FR\"}]}<\/script>\n<!-- \/ Yoast SEO plugin. -->","yoast_head_json":{"title":"Manchon Dynabolt - Red Head","robots":{"index":"index","follow":"follow","max-snippet":"max-snippet:-1","max-image-preview":"max-image-preview:large","max-video-preview":"max-video-preview:-1"},"canonical":"https:\/\/itwredhead.ca\/fr\/produit\/dynabolt-sleeve-anchors\/","og_locale":"fr_FR","og_type":"article","og_title":"Manchon Dynabolt - Red Head","og_description":"Les ancrages \u00e0 manchon Dynabolt sont sp\u00e9cifi\u00e9s pour l\u2019ancrage dans le b\u00e9ton, la ma\u00e7onnerie, les blocs remplis de coulis et les blocs creux. Ils comportent un manchon \u00e0 expansion fendu sur un corps de boulon filet\u00e9 et un extenseur int\u00e9gr\u00e9, un \u00e9crou et une rondelle. Les ancrages sont faits d\u2019acier au carbone plaqu\u00e9 ou d\u2019acier inoxydable de type\u00a018-8. Les ancrages doivent \u00eatre install\u00e9s avec des forets pour perceuse \u00e0 percussion en carbure fabriqu\u00e9s conform\u00e9ment \u00e0 la norme ANSI\u00a0B212.15-1994 et sont test\u00e9s selon les crit\u00e8res ASTM\u00a0E488.  &nbsp;","og_url":"https:\/\/itwredhead.ca\/fr\/produit\/dynabolt-sleeve-anchors\/","og_site_name":"Red Head","article_modified_time":"2021-03-15T01:18:10+00:00","og_image":[{"width":1000,"height":1000,"url":"https:\/\/itwredhead.ca\/wp-content\/uploads\/sites\/6\/2020\/09\/Dynabolt_Sleeve-Anchor_Vertical.png","type":"image\/png"}],"twitter_card":"summary_large_image","schema":{"@context":"https:\/\/schema.org","@graph":[{"@type":"WebPage","@id":"https:\/\/itwredhead.ca\/fr\/produit\/dynabolt-sleeve-anchors\/","url":"https:\/\/itwredhead.ca\/fr\/produit\/dynabolt-sleeve-anchors\/","name":"Manchon Dynabolt - Red Head","isPartOf":{"@id":"https:\/\/itwredhead.ca\/fr\/#website"},"primaryImageOfPage":{"@id":"https:\/\/itwredhead.ca\/fr\/produit\/dynabolt-sleeve-anchors\/#primaryimage"},"image":{"@id":"https:\/\/itwredhead.ca\/fr\/produit\/dynabolt-sleeve-anchors\/#primaryimage"},"thumbnailUrl":"https:\/\/itwredhead.ca\/wp-content\/uploads\/sites\/6\/2020\/09\/Dynabolt_Sleeve-Anchor_Vertical.png","datePublished":"2020-09-15T17:53:09+00:00","dateModified":"2021-03-15T01:18:10+00:00","breadcrumb":{"@id":"https:\/\/itwredhead.ca\/fr\/produit\/dynabolt-sleeve-anchors\/#breadcrumb"},"inLanguage":"fr-FR","potentialAction":[{"@type":"ReadAction","target":["https:\/\/itwredhead.ca\/fr\/produit\/dynabolt-sleeve-anchors\/"]}]},{"@type":"ImageObject","inLanguage":"fr-FR","@id":"https:\/\/itwredhead.ca\/fr\/produit\/dynabolt-sleeve-anchors\/#primaryimage","url":"https:\/\/itwredhead.ca\/wp-content\/uploads\/sites\/6\/2020\/09\/Dynabolt_Sleeve-Anchor_Vertical.png","contentUrl":"https:\/\/itwredhead.ca\/wp-content\/uploads\/sites\/6\/2020\/09\/Dynabolt_Sleeve-Anchor_Vertical.png","width":1000,"height":1000},{"@type":"BreadcrumbList","@id":"https:\/\/itwredhead.ca\/fr\/produit\/dynabolt-sleeve-anchors\/#breadcrumb","itemListElement":[{"@type":"ListItem","position":1,"name":"Home","item":"https:\/\/itwredhead.ca\/fr\/"},{"@type":"ListItem","position":2,"name":"Boutique","item":"https:\/\/itwredhead.ca\/fr\/boutique\/"},{"@type":"ListItem","position":3,"name":"Manchon Dynabolt"}]},{"@type":"WebSite","@id":"https:\/\/itwredhead.ca\/fr\/#website","url":"https:\/\/itwredhead.ca\/fr\/","name":"Red Head","description":"Concrete Anchoring and Reinforcing Solutions","potentialAction":[{"@type":"SearchAction","target":{"@type":"EntryPoint","urlTemplate":"https:\/\/itwredhead.ca\/fr\/?s={search_term_string}"},"query-input":{"@type":"PropertyValueSpecification","valueRequired":true,"valueName":"search_term_string"}}],"inLanguage":"fr-FR"}]}},"_links":{"self":[{"href":"https:\/\/itwredhead.ca\/fr\/wp-json\/wp\/v2\/product\/7995","targetHints":{"allow":["GET"]}}],"collection":[{"href":"https:\/\/itwredhead.ca\/fr\/wp-json\/wp\/v2\/product"}],"about":[{"href":"https:\/\/itwredhead.ca\/fr\/wp-json\/wp\/v2\/types\/product"}],"wp:featuredmedia":[{"embeddable":true,"href":"https:\/\/itwredhead.ca\/fr\/wp-json\/wp\/v2\/media\/7879"}],"wp:attachment":[{"href":"https:\/\/itwredhead.ca\/fr\/wp-json\/wp\/v2\/media?parent=7995"}],"wp:term":[{"taxonomy":"product_brand","embeddable":true,"href":"https:\/\/itwredhead.ca\/fr\/wp-json\/wp\/v2\/product_brand?post=7995"},{"taxonomy":"product_cat","embeddable":true,"href":"https:\/\/itwredhead.ca\/fr\/wp-json\/wp\/v2\/product_cat?post=7995"},{"taxonomy":"product_tag","embeddable":true,"href":"https:\/\/itwredhead.ca\/fr\/wp-json\/wp\/v2\/product_tag?post=7995"}],"curies":[{"name":"wp","href":"https:\/\/api.w.org\/{rel}","templated":true}]}}