{"id":7992,"date":"2020-09-15T17:53:09","date_gmt":"2020-09-15T17:53:09","guid":{"rendered":"https:\/\/itwredhead.ca\/product\/large-diameter-tapcon-ldt-anchors\/"},"modified":"2021-03-15T01:19:16","modified_gmt":"2021-03-15T01:19:16","slug":"large-diameter-tapcon-ldt-anchors","status":"publish","type":"product","link":"https:\/\/itwredhead.ca\/fr\/produit\/large-diameter-tapcon-ldt-anchors\/","title":{"rendered":"Tapcon de grand diam\u00e8tre (LDT)"},"content":{"rendered":"<p>&nbsp;<\/p>\n<h2>AVANTAGES<\/h2>\n<p><strong>GAGNEZ DU TEMPS\u00a0<\/strong>\u2013 FACILEMENT INSTALL\u00c9 ET RETIR\u00c9<\/p>\n<p>S\u2019installe en moins de la moiti\u00e9 du temps des ancrages \u00e0 cale ou des ancrages adh\u00e9sifs<\/p>\n<ul>\n<li>Percez simplement un trou pilote et enfoncez l\u2019ancrage LDT \u00e0 la main ou avec une perceuse \u00e0 percussion<\/li>\n<li>Pas de chalumeau ni meulage requis pour retirer les ancrages<\/li>\n<\/ul>\n<p><strong>\u00c9CONOMISEZ DE L\u2019ARGENT<\/strong> &#8211;\u00a0CO\u00dbTS R\u00c9DUITS ET UTILISEZ UN FORET ANSI STANDARD<\/p>\n<ul>\n<li>Utilisez des forets ANSI standard au lieu de forets exclusifs<\/li>\n<li>Conception monopi\u00e8ce, pas d\u2019\u00e9crou ni de rondelle \u00e0 assembler<\/li>\n<li>Pas de forets exclusifs sp\u00e9ciaux \u00e0 acheter ou \u00e0 perdre<\/li>\n<li>R\u00e9duisez les risques d\u2019\u00e9chec de l\u2019ancrage en raison d\u2019une utilisation incorrecte des forets<\/li>\n<\/ul>\n<h3>DIRECTIVES D\u2019INSTALLATION<\/h3>\n<p><strong>\u00c9tapes d\u2019installation pour b\u00e9ton, b\u00e9ton l\u00e9ger et support m\u00e9tallique<\/strong><\/p>\n<ol>\n<li>\u00c0 l\u2019aide d\u2019un foret au carbure de taille appropri\u00e9e (voir tableau), percez un trou pilote d\u2019au moins 1 po plus profond que la profondeur de l\u2019ancrage.<\/li>\n<li>\u00c0 l\u2019aide d\u2019une cl\u00e9 \u00e0 chocs \u00e9lectrique ou d\u2019une cl\u00e9 \u00e0 douille (installation manuelle), ins\u00e9rez l\u2019ancrage dans le trou et serrez-le jusqu\u2019\u00e0 ce qu\u2019il soit bien en place (ne pas trop serrer).<\/li>\n<\/ol>\n<p><strong>\u00c9tapes d\u2019installation pour les blocs CMU creux ou remplis de coulis (diam\u00e8tre de 3\/8 po et 1\/2 po)<\/strong><\/p>\n<ol>\n<li>\u00c0 l\u2019aide d\u2019une m\u00e8che au carbure de 5\/16 po (pour LDT de 3\/8 po) ou 7\/16 po (pour LDT de 1\/2 po), percez un trou pilote d\u2019au moins 1 po plus profond que l\u2019enfoncement de l\u2019ancrage.<\/li>\n<li>\u00c0 l\u2019aide d\u2019une cl\u00e9 \u00e0 douille, ins\u00e9rez l\u2019ancrage dans le trou et serrez-le \u00e0 la main jusqu\u2019\u00e0 ce qu\u2019il soit bien en place. (Douille 9\/16 po pour 3\/8 po et douille 3\/4 po pour 1\/2 po) (ne pas trop serrer).<\/li>\n<\/ol>\n<ul>\n<li>Les LDT peuvent \u00eatre install\u00e9s \u00e0 la main ou avec une cl\u00e9 \u00e0 chocs<\/li>\n<li>Facile \u00e0 installer \u00e0 la main\u00a0\u2013 il suffit d\u2019utiliser une cl\u00e9 \u00e0 douille<\/li>\n<li>L\u2019utilisation d&rsquo;une cl\u00e9 \u00e0 chocs est recommand\u00e9e pour une installation plus rapide ou pour les projets \u00e0 volume \u00e9lev\u00e9<\/li>\n<li>L\u2019installation avec une cl\u00e9 \u00e0 chocs n\u2019est pas recommand\u00e9e pour les blocs creux<\/li>\n<\/ul>\n","protected":false},"excerpt":{"rendered":"<p>L\u2019ancrage LDT est un ancrage haute performance qui coupe ses propres filetages dans le b\u00e9ton. Le corps de l\u2019ancrage est compos\u00e9 d\u2019acier au carbone tremp\u00e9 et zingu\u00e9.<\/p>\n<p>Les ancrages ont une t\u00eate de rondelle hexagonale finie avec des dentelures anti-rotation pour emp\u00eacher l\u2019ancrage de se d\u00e9tacher. La t\u00eate de l\u2019ancre est estampill\u00e9e d\u2019un code d\u2019identification de longueur pour une inspection facile.<\/p>\n","protected":false},"featured_media":7877,"template":"","meta":{"_acf_changed":false,"inline_featured_image":false},"product_brand":[],"product_cat":[168,171],"product_tag":[],"class_list":{"0":"post-7992","1":"product","2":"type-product","3":"status-publish","4":"has-post-thumbnail","6":"product_cat-ancrages-mecaniques","7":"product_cat-ldt-fr","9":"first","10":"instock","11":"product-type-simple"},"acf":[],"yoast_head":"<!-- This site is optimized with the Yoast SEO plugin v27.2 - https:\/\/yoast.com\/product\/yoast-seo-wordpress\/ -->\n<title>Tapcon de grand diam\u00e8tre (LDT) - Red Head<\/title>\n<meta name=\"robots\" content=\"index, follow, max-snippet:-1, max-image-preview:large, max-video-preview:-1\" \/>\n<link rel=\"canonical\" href=\"https:\/\/itwredhead.ca\/fr\/produit\/large-diameter-tapcon-ldt-anchors\/\" \/>\n<meta property=\"og:locale\" content=\"fr_FR\" \/>\n<meta property=\"og:type\" content=\"article\" \/>\n<meta property=\"og:title\" content=\"Tapcon de grand diam\u00e8tre (LDT) - Red Head\" \/>\n<meta property=\"og:description\" content=\"L\u2019ancrage LDT est un ancrage haute performance qui coupe ses propres filetages dans le b\u00e9ton. Le corps de l\u2019ancrage est compos\u00e9 d\u2019acier au carbone tremp\u00e9 et zingu\u00e9.  Les ancrages ont une t\u00eate de rondelle hexagonale finie avec des dentelures anti-rotation pour emp\u00eacher l\u2019ancrage de se d\u00e9tacher. La t\u00eate de l\u2019ancre est estampill\u00e9e d\u2019un code d\u2019identification de longueur pour une inspection facile.\" \/>\n<meta property=\"og:url\" content=\"https:\/\/itwredhead.ca\/fr\/produit\/large-diameter-tapcon-ldt-anchors\/\" \/>\n<meta property=\"og:site_name\" content=\"Red Head\" \/>\n<meta property=\"article:modified_time\" content=\"2021-03-15T01:19:16+00:00\" \/>\n<meta property=\"og:image\" content=\"https:\/\/itwredhead.ca\/wp-content\/uploads\/sites\/6\/2020\/09\/LDT.png\" \/>\n\t<meta property=\"og:image:width\" content=\"1000\" \/>\n\t<meta property=\"og:image:height\" content=\"1000\" \/>\n\t<meta property=\"og:image:type\" content=\"image\/png\" \/>\n<meta name=\"twitter:card\" content=\"summary_large_image\" \/>\n<meta name=\"twitter:label1\" content=\"Dur\u00e9e de lecture estim\u00e9e\" \/>\n\t<meta name=\"twitter:data1\" content=\"2 minutes\" \/>\n<script type=\"application\/ld+json\" class=\"yoast-schema-graph\">{\"@context\":\"https:\/\/schema.org\",\"@graph\":[{\"@type\":\"WebPage\",\"@id\":\"https:\/\/itwredhead.ca\/fr\/produit\/large-diameter-tapcon-ldt-anchors\/\",\"url\":\"https:\/\/itwredhead.ca\/fr\/produit\/large-diameter-tapcon-ldt-anchors\/\",\"name\":\"Tapcon de grand diam\u00e8tre (LDT) - Red Head\",\"isPartOf\":{\"@id\":\"https:\/\/itwredhead.ca\/fr\/#website\"},\"primaryImageOfPage\":{\"@id\":\"https:\/\/itwredhead.ca\/fr\/produit\/large-diameter-tapcon-ldt-anchors\/#primaryimage\"},\"image\":{\"@id\":\"https:\/\/itwredhead.ca\/fr\/produit\/large-diameter-tapcon-ldt-anchors\/#primaryimage\"},\"thumbnailUrl\":\"https:\/\/itwredhead.ca\/wp-content\/uploads\/sites\/6\/2020\/09\/LDT.png\",\"datePublished\":\"2020-09-15T17:53:09+00:00\",\"dateModified\":\"2021-03-15T01:19:16+00:00\",\"breadcrumb\":{\"@id\":\"https:\/\/itwredhead.ca\/fr\/produit\/large-diameter-tapcon-ldt-anchors\/#breadcrumb\"},\"inLanguage\":\"fr-FR\",\"potentialAction\":[{\"@type\":\"ReadAction\",\"target\":[\"https:\/\/itwredhead.ca\/fr\/produit\/large-diameter-tapcon-ldt-anchors\/\"]}]},{\"@type\":\"ImageObject\",\"inLanguage\":\"fr-FR\",\"@id\":\"https:\/\/itwredhead.ca\/fr\/produit\/large-diameter-tapcon-ldt-anchors\/#primaryimage\",\"url\":\"https:\/\/itwredhead.ca\/wp-content\/uploads\/sites\/6\/2020\/09\/LDT.png\",\"contentUrl\":\"https:\/\/itwredhead.ca\/wp-content\/uploads\/sites\/6\/2020\/09\/LDT.png\",\"width\":1000,\"height\":1000},{\"@type\":\"BreadcrumbList\",\"@id\":\"https:\/\/itwredhead.ca\/fr\/produit\/large-diameter-tapcon-ldt-anchors\/#breadcrumb\",\"itemListElement\":[{\"@type\":\"ListItem\",\"position\":1,\"name\":\"Home\",\"item\":\"https:\/\/itwredhead.ca\/fr\/\"},{\"@type\":\"ListItem\",\"position\":2,\"name\":\"Boutique\",\"item\":\"https:\/\/itwredhead.ca\/fr\/boutique\/\"},{\"@type\":\"ListItem\",\"position\":3,\"name\":\"Tapcon de grand diam\u00e8tre (LDT)\"}]},{\"@type\":\"WebSite\",\"@id\":\"https:\/\/itwredhead.ca\/fr\/#website\",\"url\":\"https:\/\/itwredhead.ca\/fr\/\",\"name\":\"Red Head\",\"description\":\"Concrete Anchoring and Reinforcing Solutions\",\"potentialAction\":[{\"@type\":\"SearchAction\",\"target\":{\"@type\":\"EntryPoint\",\"urlTemplate\":\"https:\/\/itwredhead.ca\/fr\/?s={search_term_string}\"},\"query-input\":{\"@type\":\"PropertyValueSpecification\",\"valueRequired\":true,\"valueName\":\"search_term_string\"}}],\"inLanguage\":\"fr-FR\"}]}<\/script>\n<!-- \/ Yoast SEO plugin. -->","yoast_head_json":{"title":"Tapcon de grand diam\u00e8tre (LDT) - Red Head","robots":{"index":"index","follow":"follow","max-snippet":"max-snippet:-1","max-image-preview":"max-image-preview:large","max-video-preview":"max-video-preview:-1"},"canonical":"https:\/\/itwredhead.ca\/fr\/produit\/large-diameter-tapcon-ldt-anchors\/","og_locale":"fr_FR","og_type":"article","og_title":"Tapcon de grand diam\u00e8tre (LDT) - Red Head","og_description":"L\u2019ancrage LDT est un ancrage haute performance qui coupe ses propres filetages dans le b\u00e9ton. Le corps de l\u2019ancrage est compos\u00e9 d\u2019acier au carbone tremp\u00e9 et zingu\u00e9.  Les ancrages ont une t\u00eate de rondelle hexagonale finie avec des dentelures anti-rotation pour emp\u00eacher l\u2019ancrage de se d\u00e9tacher. La t\u00eate de l\u2019ancre est estampill\u00e9e d\u2019un code d\u2019identification de longueur pour une inspection facile.","og_url":"https:\/\/itwredhead.ca\/fr\/produit\/large-diameter-tapcon-ldt-anchors\/","og_site_name":"Red Head","article_modified_time":"2021-03-15T01:19:16+00:00","og_image":[{"width":1000,"height":1000,"url":"https:\/\/itwredhead.ca\/wp-content\/uploads\/sites\/6\/2020\/09\/LDT.png","type":"image\/png"}],"twitter_card":"summary_large_image","twitter_misc":{"Dur\u00e9e de lecture estim\u00e9e":"2 minutes"},"schema":{"@context":"https:\/\/schema.org","@graph":[{"@type":"WebPage","@id":"https:\/\/itwredhead.ca\/fr\/produit\/large-diameter-tapcon-ldt-anchors\/","url":"https:\/\/itwredhead.ca\/fr\/produit\/large-diameter-tapcon-ldt-anchors\/","name":"Tapcon de grand diam\u00e8tre (LDT) - Red Head","isPartOf":{"@id":"https:\/\/itwredhead.ca\/fr\/#website"},"primaryImageOfPage":{"@id":"https:\/\/itwredhead.ca\/fr\/produit\/large-diameter-tapcon-ldt-anchors\/#primaryimage"},"image":{"@id":"https:\/\/itwredhead.ca\/fr\/produit\/large-diameter-tapcon-ldt-anchors\/#primaryimage"},"thumbnailUrl":"https:\/\/itwredhead.ca\/wp-content\/uploads\/sites\/6\/2020\/09\/LDT.png","datePublished":"2020-09-15T17:53:09+00:00","dateModified":"2021-03-15T01:19:16+00:00","breadcrumb":{"@id":"https:\/\/itwredhead.ca\/fr\/produit\/large-diameter-tapcon-ldt-anchors\/#breadcrumb"},"inLanguage":"fr-FR","potentialAction":[{"@type":"ReadAction","target":["https:\/\/itwredhead.ca\/fr\/produit\/large-diameter-tapcon-ldt-anchors\/"]}]},{"@type":"ImageObject","inLanguage":"fr-FR","@id":"https:\/\/itwredhead.ca\/fr\/produit\/large-diameter-tapcon-ldt-anchors\/#primaryimage","url":"https:\/\/itwredhead.ca\/wp-content\/uploads\/sites\/6\/2020\/09\/LDT.png","contentUrl":"https:\/\/itwredhead.ca\/wp-content\/uploads\/sites\/6\/2020\/09\/LDT.png","width":1000,"height":1000},{"@type":"BreadcrumbList","@id":"https:\/\/itwredhead.ca\/fr\/produit\/large-diameter-tapcon-ldt-anchors\/#breadcrumb","itemListElement":[{"@type":"ListItem","position":1,"name":"Home","item":"https:\/\/itwredhead.ca\/fr\/"},{"@type":"ListItem","position":2,"name":"Boutique","item":"https:\/\/itwredhead.ca\/fr\/boutique\/"},{"@type":"ListItem","position":3,"name":"Tapcon de grand diam\u00e8tre (LDT)"}]},{"@type":"WebSite","@id":"https:\/\/itwredhead.ca\/fr\/#website","url":"https:\/\/itwredhead.ca\/fr\/","name":"Red Head","description":"Concrete Anchoring and Reinforcing Solutions","potentialAction":[{"@type":"SearchAction","target":{"@type":"EntryPoint","urlTemplate":"https:\/\/itwredhead.ca\/fr\/?s={search_term_string}"},"query-input":{"@type":"PropertyValueSpecification","valueRequired":true,"valueName":"search_term_string"}}],"inLanguage":"fr-FR"}]}},"_links":{"self":[{"href":"https:\/\/itwredhead.ca\/fr\/wp-json\/wp\/v2\/product\/7992","targetHints":{"allow":["GET"]}}],"collection":[{"href":"https:\/\/itwredhead.ca\/fr\/wp-json\/wp\/v2\/product"}],"about":[{"href":"https:\/\/itwredhead.ca\/fr\/wp-json\/wp\/v2\/types\/product"}],"wp:featuredmedia":[{"embeddable":true,"href":"https:\/\/itwredhead.ca\/fr\/wp-json\/wp\/v2\/media\/7877"}],"wp:attachment":[{"href":"https:\/\/itwredhead.ca\/fr\/wp-json\/wp\/v2\/media?parent=7992"}],"wp:term":[{"taxonomy":"product_brand","embeddable":true,"href":"https:\/\/itwredhead.ca\/fr\/wp-json\/wp\/v2\/product_brand?post=7992"},{"taxonomy":"product_cat","embeddable":true,"href":"https:\/\/itwredhead.ca\/fr\/wp-json\/wp\/v2\/product_cat?post=7992"},{"taxonomy":"product_tag","embeddable":true,"href":"https:\/\/itwredhead.ca\/fr\/wp-json\/wp\/v2\/product_tag?post=7992"}],"curies":[{"name":"wp","href":"https:\/\/api.w.org\/{rel}","templated":true}]}}