{"id":7991,"date":"2020-09-15T17:53:09","date_gmt":"2020-09-15T17:53:09","guid":{"rendered":"https:\/\/itwredhead.ca\/product\/adhesive-accessories\/"},"modified":"2021-03-15T00:38:43","modified_gmt":"2021-03-15T00:38:43","slug":"adhesive-accessories","status":"publish","type":"product","link":"https:\/\/itwredhead.ca\/fr\/produit\/adhesive-accessories\/","title":{"rendered":"Accessoires pour adh\u00e9sifs"},"content":{"rendered":"<p><strong>Les encarts parapluie<\/strong> sont sp\u00e9cialement con\u00e7us pour la fixation \u00e0 la face du bloc de b\u00e9ton creux, de la brique, de la tuile d\u2019argile ou de la terre cuite. Accepte les tiges de 3\/8 po, cr\u00e9e une grande surface d\u2019appui \u00e0 l\u2019int\u00e9rieur du bloc pour atteindre des charges \u00e9lev\u00e9es.<\/p>\n<p><strong>Les \u00e9crans courts<\/strong> sont des \u00e9crans en acier inoxydable sp\u00e9cialement con\u00e7us offrant performances et permettant l\u2019utilisation d\u2019un adh\u00e9sif pour la fixation sur la face avant du bloc de b\u00e9ton creux. \u00c9crans offerts pour les tiges de 1\/4 po \u00e0 5\/8 po<\/p>\n<p><em>Pour en savoir plus sur les encarts parapluie et les \u00e9crans courts, veuillez consulter notre catalogue ici.<\/em><\/p>\n<p><strong>Les \u00e9crans en nylon<\/strong> sont sp\u00e9cialement con\u00e7us pour une r\u00e9sistance maximale dans les blocs de b\u00e9ton et les murs de briques. Le mat\u00e9riau ne se plie ni ne s\u2019\u00e9crase et r\u00e9siste \u00e0 la corrosion.<\/p>\n<p><em>Pour en savoir plus sur les \u00e9crans en nylon, veuillez consulter notre catalogue ici.<\/em><\/p>\n<p>Nos <strong>autres accessoires<\/strong> se trouvent dans notre catalogue ici. Ils comprennent des bouchons de piston, des brosses m\u00e9talliques, des tubes d\u2019extension en plastique et notre pompe soufflante.<\/p>\n","protected":false},"excerpt":{"rendered":"<p>Utilisez les accessoires suivants avec les syst\u00e8mes d\u2019ancrage adh\u00e9sif\u00a0A7+ pour toutes vos applications dans les mat\u00e9riaux de base creux.<\/p>\n","protected":false},"featured_media":7928,"template":"","meta":{"_acf_changed":false,"inline_featured_image":false},"product_brand":[],"product_cat":[166,164],"product_tag":[],"class_list":{"0":"post-7991","1":"product","2":"type-product","3":"status-publish","4":"has-post-thumbnail","6":"product_cat-accessories-fr","7":"product_cat-adhesifs","9":"first","10":"instock","11":"product-type-simple"},"acf":[],"yoast_head":"<!-- This site is optimized with the Yoast SEO plugin v27.2 - https:\/\/yoast.com\/product\/yoast-seo-wordpress\/ -->\n<title>Accessoires pour adh\u00e9sifs - Red Head<\/title>\n<meta name=\"robots\" content=\"index, follow, max-snippet:-1, max-image-preview:large, max-video-preview:-1\" \/>\n<link rel=\"canonical\" href=\"https:\/\/itwredhead.ca\/fr\/produit\/adhesive-accessories\/\" \/>\n<meta property=\"og:locale\" content=\"fr_FR\" \/>\n<meta property=\"og:type\" content=\"article\" \/>\n<meta property=\"og:title\" content=\"Accessoires pour adh\u00e9sifs - Red Head\" \/>\n<meta property=\"og:description\" content=\"Utilisez les accessoires suivants avec les syst\u00e8mes d\u2019ancrage adh\u00e9sif\u00a0A7+ pour toutes vos applications dans les mat\u00e9riaux de base creux.\" \/>\n<meta property=\"og:url\" content=\"https:\/\/itwredhead.ca\/fr\/produit\/adhesive-accessories\/\" \/>\n<meta property=\"og:site_name\" content=\"Red Head\" \/>\n<meta property=\"article:modified_time\" content=\"2021-03-15T00:38:43+00:00\" \/>\n<meta property=\"og:image\" content=\"https:\/\/itwredhead.ca\/wp-content\/uploads\/sites\/6\/2020\/09\/A7_C6_Inserts.png\" \/>\n\t<meta property=\"og:image:width\" content=\"1000\" \/>\n\t<meta property=\"og:image:height\" content=\"1000\" \/>\n\t<meta property=\"og:image:type\" content=\"image\/png\" \/>\n<meta name=\"twitter:card\" content=\"summary_large_image\" \/>\n<meta name=\"twitter:label1\" content=\"Dur\u00e9e de lecture estim\u00e9e\" \/>\n\t<meta name=\"twitter:data1\" content=\"1 minute\" \/>\n<script type=\"application\/ld+json\" class=\"yoast-schema-graph\">{\"@context\":\"https:\/\/schema.org\",\"@graph\":[{\"@type\":\"WebPage\",\"@id\":\"https:\/\/itwredhead.ca\/fr\/produit\/adhesive-accessories\/\",\"url\":\"https:\/\/itwredhead.ca\/fr\/produit\/adhesive-accessories\/\",\"name\":\"Accessoires pour adh\u00e9sifs - Red Head\",\"isPartOf\":{\"@id\":\"https:\/\/itwredhead.ca\/fr\/#website\"},\"primaryImageOfPage\":{\"@id\":\"https:\/\/itwredhead.ca\/fr\/produit\/adhesive-accessories\/#primaryimage\"},\"image\":{\"@id\":\"https:\/\/itwredhead.ca\/fr\/produit\/adhesive-accessories\/#primaryimage\"},\"thumbnailUrl\":\"https:\/\/itwredhead.ca\/wp-content\/uploads\/sites\/6\/2020\/09\/A7_C6_Inserts.png\",\"datePublished\":\"2020-09-15T17:53:09+00:00\",\"dateModified\":\"2021-03-15T00:38:43+00:00\",\"breadcrumb\":{\"@id\":\"https:\/\/itwredhead.ca\/fr\/produit\/adhesive-accessories\/#breadcrumb\"},\"inLanguage\":\"fr-FR\",\"potentialAction\":[{\"@type\":\"ReadAction\",\"target\":[\"https:\/\/itwredhead.ca\/fr\/produit\/adhesive-accessories\/\"]}]},{\"@type\":\"ImageObject\",\"inLanguage\":\"fr-FR\",\"@id\":\"https:\/\/itwredhead.ca\/fr\/produit\/adhesive-accessories\/#primaryimage\",\"url\":\"https:\/\/itwredhead.ca\/wp-content\/uploads\/sites\/6\/2020\/09\/A7_C6_Inserts.png\",\"contentUrl\":\"https:\/\/itwredhead.ca\/wp-content\/uploads\/sites\/6\/2020\/09\/A7_C6_Inserts.png\",\"width\":1000,\"height\":1000},{\"@type\":\"BreadcrumbList\",\"@id\":\"https:\/\/itwredhead.ca\/fr\/produit\/adhesive-accessories\/#breadcrumb\",\"itemListElement\":[{\"@type\":\"ListItem\",\"position\":1,\"name\":\"Home\",\"item\":\"https:\/\/itwredhead.ca\/fr\/\"},{\"@type\":\"ListItem\",\"position\":2,\"name\":\"Boutique\",\"item\":\"https:\/\/itwredhead.ca\/fr\/boutique\/\"},{\"@type\":\"ListItem\",\"position\":3,\"name\":\"Accessoires pour adh\u00e9sifs\"}]},{\"@type\":\"WebSite\",\"@id\":\"https:\/\/itwredhead.ca\/fr\/#website\",\"url\":\"https:\/\/itwredhead.ca\/fr\/\",\"name\":\"Red Head\",\"description\":\"Concrete Anchoring and Reinforcing Solutions\",\"potentialAction\":[{\"@type\":\"SearchAction\",\"target\":{\"@type\":\"EntryPoint\",\"urlTemplate\":\"https:\/\/itwredhead.ca\/fr\/?s={search_term_string}\"},\"query-input\":{\"@type\":\"PropertyValueSpecification\",\"valueRequired\":true,\"valueName\":\"search_term_string\"}}],\"inLanguage\":\"fr-FR\"}]}<\/script>\n<!-- \/ Yoast SEO plugin. -->","yoast_head_json":{"title":"Accessoires pour adh\u00e9sifs - Red Head","robots":{"index":"index","follow":"follow","max-snippet":"max-snippet:-1","max-image-preview":"max-image-preview:large","max-video-preview":"max-video-preview:-1"},"canonical":"https:\/\/itwredhead.ca\/fr\/produit\/adhesive-accessories\/","og_locale":"fr_FR","og_type":"article","og_title":"Accessoires pour adh\u00e9sifs - Red Head","og_description":"Utilisez les accessoires suivants avec les syst\u00e8mes d\u2019ancrage adh\u00e9sif\u00a0A7+ pour toutes vos applications dans les mat\u00e9riaux de base creux.","og_url":"https:\/\/itwredhead.ca\/fr\/produit\/adhesive-accessories\/","og_site_name":"Red Head","article_modified_time":"2021-03-15T00:38:43+00:00","og_image":[{"width":1000,"height":1000,"url":"https:\/\/itwredhead.ca\/wp-content\/uploads\/sites\/6\/2020\/09\/A7_C6_Inserts.png","type":"image\/png"}],"twitter_card":"summary_large_image","twitter_misc":{"Dur\u00e9e de lecture estim\u00e9e":"1 minute"},"schema":{"@context":"https:\/\/schema.org","@graph":[{"@type":"WebPage","@id":"https:\/\/itwredhead.ca\/fr\/produit\/adhesive-accessories\/","url":"https:\/\/itwredhead.ca\/fr\/produit\/adhesive-accessories\/","name":"Accessoires pour adh\u00e9sifs - Red Head","isPartOf":{"@id":"https:\/\/itwredhead.ca\/fr\/#website"},"primaryImageOfPage":{"@id":"https:\/\/itwredhead.ca\/fr\/produit\/adhesive-accessories\/#primaryimage"},"image":{"@id":"https:\/\/itwredhead.ca\/fr\/produit\/adhesive-accessories\/#primaryimage"},"thumbnailUrl":"https:\/\/itwredhead.ca\/wp-content\/uploads\/sites\/6\/2020\/09\/A7_C6_Inserts.png","datePublished":"2020-09-15T17:53:09+00:00","dateModified":"2021-03-15T00:38:43+00:00","breadcrumb":{"@id":"https:\/\/itwredhead.ca\/fr\/produit\/adhesive-accessories\/#breadcrumb"},"inLanguage":"fr-FR","potentialAction":[{"@type":"ReadAction","target":["https:\/\/itwredhead.ca\/fr\/produit\/adhesive-accessories\/"]}]},{"@type":"ImageObject","inLanguage":"fr-FR","@id":"https:\/\/itwredhead.ca\/fr\/produit\/adhesive-accessories\/#primaryimage","url":"https:\/\/itwredhead.ca\/wp-content\/uploads\/sites\/6\/2020\/09\/A7_C6_Inserts.png","contentUrl":"https:\/\/itwredhead.ca\/wp-content\/uploads\/sites\/6\/2020\/09\/A7_C6_Inserts.png","width":1000,"height":1000},{"@type":"BreadcrumbList","@id":"https:\/\/itwredhead.ca\/fr\/produit\/adhesive-accessories\/#breadcrumb","itemListElement":[{"@type":"ListItem","position":1,"name":"Home","item":"https:\/\/itwredhead.ca\/fr\/"},{"@type":"ListItem","position":2,"name":"Boutique","item":"https:\/\/itwredhead.ca\/fr\/boutique\/"},{"@type":"ListItem","position":3,"name":"Accessoires pour adh\u00e9sifs"}]},{"@type":"WebSite","@id":"https:\/\/itwredhead.ca\/fr\/#website","url":"https:\/\/itwredhead.ca\/fr\/","name":"Red Head","description":"Concrete Anchoring and Reinforcing Solutions","potentialAction":[{"@type":"SearchAction","target":{"@type":"EntryPoint","urlTemplate":"https:\/\/itwredhead.ca\/fr\/?s={search_term_string}"},"query-input":{"@type":"PropertyValueSpecification","valueRequired":true,"valueName":"search_term_string"}}],"inLanguage":"fr-FR"}]}},"_links":{"self":[{"href":"https:\/\/itwredhead.ca\/fr\/wp-json\/wp\/v2\/product\/7991","targetHints":{"allow":["GET"]}}],"collection":[{"href":"https:\/\/itwredhead.ca\/fr\/wp-json\/wp\/v2\/product"}],"about":[{"href":"https:\/\/itwredhead.ca\/fr\/wp-json\/wp\/v2\/types\/product"}],"wp:featuredmedia":[{"embeddable":true,"href":"https:\/\/itwredhead.ca\/fr\/wp-json\/wp\/v2\/media\/7928"}],"wp:attachment":[{"href":"https:\/\/itwredhead.ca\/fr\/wp-json\/wp\/v2\/media?parent=7991"}],"wp:term":[{"taxonomy":"product_brand","embeddable":true,"href":"https:\/\/itwredhead.ca\/fr\/wp-json\/wp\/v2\/product_brand?post=7991"},{"taxonomy":"product_cat","embeddable":true,"href":"https:\/\/itwredhead.ca\/fr\/wp-json\/wp\/v2\/product_cat?post=7991"},{"taxonomy":"product_tag","embeddable":true,"href":"https:\/\/itwredhead.ca\/fr\/wp-json\/wp\/v2\/product_tag?post=7991"}],"curies":[{"name":"wp","href":"https:\/\/api.w.org\/{rel}","templated":true}]}}