{"id":7990,"date":"2020-09-15T17:53:09","date_gmt":"2020-09-15T17:53:09","guid":{"rendered":"https:\/\/itwredhead.ca\/product\/c6-epoxy-adhesive\/"},"modified":"2021-03-15T00:03:18","modified_gmt":"2021-03-15T00:03:18","slug":"c6-epoxy-adhesive","status":"publish","type":"product","link":"https:\/\/itwredhead.ca\/fr\/produit\/c6-epoxy-adhesive\/","title":{"rendered":"Adh\u00e9sif C6+"},"content":{"rendered":"<p><strong>\u00c9POXYDE\u00a0C6+<\/strong><\/p>\n<p><em>\u00c9poxyde \u00e0 r\u00e9sistance maximale pour vos applications les plus exigeantes et sp\u00e9cialis\u00e9es<\/em><\/p>\n<p>&nbsp;<\/p>\n<p><strong>Le plus polyvalent\u00a0<\/strong>\u2013 un adh\u00e9sif pour une tr\u00e8s large gamme d\u2019applications et de substrats d\u2019ancrage, y compris la ma\u00e7onnerie<\/p>\n<p><strong>Toutes les conditions m\u00e9t\u00e9orologiques \u2013<\/strong> Approuv\u00e9 pour les installations satur\u00e9es, remplies d\u2019eau et immerg\u00e9es<\/p>\n<p><strong>Approbation en vertu des codes\u00a0<\/strong>\u2013 b\u00e9ton fissur\u00e9, sismique, NSF 61, minist\u00e8re des Transports de l\u2019Ontario, du Qu\u00e9bec et de la Colombie-Britannique.<\/p>\n<p>&nbsp;<\/p>\n<p>Red Head\u00a0C6+ est l\u2019adh\u00e9sif le plus r\u00e9sistant de tous les produits d\u2019ancrage adh\u00e9sif d\u2019ITW. Con\u00e7u pour \u00eatre utilis\u00e9 dans les applications d\u2019ancrage les plus exigeantes, la r\u00e9sistance maximale du Red Head\u00a0C6+ est soutenue par les approbations ICC-ES (AC308, AC58) pour le b\u00e9ton et la ma\u00e7onnerie. Il est \u00e9galement le seul adh\u00e9sif approuv\u00e9 pour les trous perc\u00e9s dans le b\u00e9ton fissur\u00e9 sans l\u2019utilisation d\u2019un outil de grainage.<\/p>\n<p>&nbsp;<\/p>\n<ul>\n<li>\u00c9poxyde \u00e0 r\u00e9sistance maximale pour vos applications les plus exigeantes et sp\u00e9cialis\u00e9es<\/li>\n<li>Plus grande adh\u00e9rence dans toutes les conditions<\/li>\n<li>Approuv\u00e9 pour une utilisation dans les trous perc\u00e9s au diamant et\/ou surdimensionn\u00e9s dans toutes les conditions et sans besoin de d\u00e9polissage<\/li>\n<li>Dur\u00e9e de conservation exceptionnelle, 24 mois<\/li>\n<\/ul>\n","protected":false},"excerpt":{"rendered":"<p>Le RED HEAD\u00a0C6+ est con\u00e7u pour les travaux les plus exigeants. Con\u00e7u pour les environnements difficiles et test\u00e9 \u00e0 l\u2019extr\u00eame, il constitue la solution id\u00e9ale pour les conditions imparfaites tout en offrant une productivit\u00e9 accrue gr\u00e2ce au durcissement dans le m\u00eame quart de travail.<\/p>\n","protected":false},"featured_media":7874,"template":"","meta":{"_acf_changed":false,"inline_featured_image":false},"product_brand":[],"product_cat":[164,167],"product_tag":[],"class_list":{"0":"post-7990","1":"product","2":"type-product","3":"status-publish","4":"has-post-thumbnail","6":"product_cat-adhesifs","7":"product_cat-c6-fr","9":"first","10":"instock","11":"product-type-simple"},"acf":[],"yoast_head":"<!-- This site is optimized with the Yoast SEO plugin v27.2 - https:\/\/yoast.com\/product\/yoast-seo-wordpress\/ -->\n<title>Adh\u00e9sif C6+ - Red Head<\/title>\n<meta name=\"robots\" content=\"index, follow, max-snippet:-1, max-image-preview:large, max-video-preview:-1\" \/>\n<link rel=\"canonical\" href=\"https:\/\/itwredhead.ca\/fr\/produit\/c6-epoxy-adhesive\/\" \/>\n<meta property=\"og:locale\" content=\"fr_FR\" \/>\n<meta property=\"og:type\" content=\"article\" \/>\n<meta property=\"og:title\" content=\"Adh\u00e9sif C6+ - Red Head\" \/>\n<meta property=\"og:description\" content=\"Le RED HEAD\u00a0C6+ est con\u00e7u pour les travaux les plus exigeants. Con\u00e7u pour les environnements difficiles et test\u00e9 \u00e0 l\u2019extr\u00eame, il constitue la solution id\u00e9ale pour les conditions imparfaites tout en offrant une productivit\u00e9 accrue gr\u00e2ce au durcissement dans le m\u00eame quart de travail.\" \/>\n<meta property=\"og:url\" content=\"https:\/\/itwredhead.ca\/fr\/produit\/c6-epoxy-adhesive\/\" \/>\n<meta property=\"og:site_name\" content=\"Red Head\" \/>\n<meta property=\"article:modified_time\" content=\"2021-03-15T00:03:18+00:00\" \/>\n<meta property=\"og:image\" content=\"https:\/\/itwredhead.ca\/wp-content\/uploads\/sites\/6\/2020\/09\/Redhead_C630_Transparent.png\" \/>\n\t<meta property=\"og:image:width\" content=\"1000\" \/>\n\t<meta property=\"og:image:height\" content=\"1000\" \/>\n\t<meta property=\"og:image:type\" content=\"image\/png\" \/>\n<meta name=\"twitter:card\" content=\"summary_large_image\" \/>\n<meta name=\"twitter:label1\" content=\"Dur\u00e9e de lecture estim\u00e9e\" \/>\n\t<meta name=\"twitter:data1\" content=\"1 minute\" \/>\n<script type=\"application\/ld+json\" class=\"yoast-schema-graph\">{\"@context\":\"https:\/\/schema.org\",\"@graph\":[{\"@type\":\"WebPage\",\"@id\":\"https:\/\/itwredhead.ca\/fr\/produit\/c6-epoxy-adhesive\/\",\"url\":\"https:\/\/itwredhead.ca\/fr\/produit\/c6-epoxy-adhesive\/\",\"name\":\"Adh\u00e9sif C6+ - Red Head\",\"isPartOf\":{\"@id\":\"https:\/\/itwredhead.ca\/fr\/#website\"},\"primaryImageOfPage\":{\"@id\":\"https:\/\/itwredhead.ca\/fr\/produit\/c6-epoxy-adhesive\/#primaryimage\"},\"image\":{\"@id\":\"https:\/\/itwredhead.ca\/fr\/produit\/c6-epoxy-adhesive\/#primaryimage\"},\"thumbnailUrl\":\"https:\/\/itwredhead.ca\/wp-content\/uploads\/sites\/6\/2020\/09\/Redhead_C630_Transparent.png\",\"datePublished\":\"2020-09-15T17:53:09+00:00\",\"dateModified\":\"2021-03-15T00:03:18+00:00\",\"breadcrumb\":{\"@id\":\"https:\/\/itwredhead.ca\/fr\/produit\/c6-epoxy-adhesive\/#breadcrumb\"},\"inLanguage\":\"fr-FR\",\"potentialAction\":[{\"@type\":\"ReadAction\",\"target\":[\"https:\/\/itwredhead.ca\/fr\/produit\/c6-epoxy-adhesive\/\"]}]},{\"@type\":\"ImageObject\",\"inLanguage\":\"fr-FR\",\"@id\":\"https:\/\/itwredhead.ca\/fr\/produit\/c6-epoxy-adhesive\/#primaryimage\",\"url\":\"https:\/\/itwredhead.ca\/wp-content\/uploads\/sites\/6\/2020\/09\/Redhead_C630_Transparent.png\",\"contentUrl\":\"https:\/\/itwredhead.ca\/wp-content\/uploads\/sites\/6\/2020\/09\/Redhead_C630_Transparent.png\",\"width\":1000,\"height\":1000},{\"@type\":\"BreadcrumbList\",\"@id\":\"https:\/\/itwredhead.ca\/fr\/produit\/c6-epoxy-adhesive\/#breadcrumb\",\"itemListElement\":[{\"@type\":\"ListItem\",\"position\":1,\"name\":\"Home\",\"item\":\"https:\/\/itwredhead.ca\/fr\/\"},{\"@type\":\"ListItem\",\"position\":2,\"name\":\"Boutique\",\"item\":\"https:\/\/itwredhead.ca\/fr\/boutique\/\"},{\"@type\":\"ListItem\",\"position\":3,\"name\":\"Adh\u00e9sif C6+\"}]},{\"@type\":\"WebSite\",\"@id\":\"https:\/\/itwredhead.ca\/fr\/#website\",\"url\":\"https:\/\/itwredhead.ca\/fr\/\",\"name\":\"Red Head\",\"description\":\"Concrete Anchoring and Reinforcing Solutions\",\"potentialAction\":[{\"@type\":\"SearchAction\",\"target\":{\"@type\":\"EntryPoint\",\"urlTemplate\":\"https:\/\/itwredhead.ca\/fr\/?s={search_term_string}\"},\"query-input\":{\"@type\":\"PropertyValueSpecification\",\"valueRequired\":true,\"valueName\":\"search_term_string\"}}],\"inLanguage\":\"fr-FR\"}]}<\/script>\n<!-- \/ Yoast SEO plugin. -->","yoast_head_json":{"title":"Adh\u00e9sif C6+ - Red Head","robots":{"index":"index","follow":"follow","max-snippet":"max-snippet:-1","max-image-preview":"max-image-preview:large","max-video-preview":"max-video-preview:-1"},"canonical":"https:\/\/itwredhead.ca\/fr\/produit\/c6-epoxy-adhesive\/","og_locale":"fr_FR","og_type":"article","og_title":"Adh\u00e9sif C6+ - Red Head","og_description":"Le RED HEAD\u00a0C6+ est con\u00e7u pour les travaux les plus exigeants. Con\u00e7u pour les environnements difficiles et test\u00e9 \u00e0 l\u2019extr\u00eame, il constitue la solution id\u00e9ale pour les conditions imparfaites tout en offrant une productivit\u00e9 accrue gr\u00e2ce au durcissement dans le m\u00eame quart de travail.","og_url":"https:\/\/itwredhead.ca\/fr\/produit\/c6-epoxy-adhesive\/","og_site_name":"Red Head","article_modified_time":"2021-03-15T00:03:18+00:00","og_image":[{"width":1000,"height":1000,"url":"https:\/\/itwredhead.ca\/wp-content\/uploads\/sites\/6\/2020\/09\/Redhead_C630_Transparent.png","type":"image\/png"}],"twitter_card":"summary_large_image","twitter_misc":{"Dur\u00e9e de lecture estim\u00e9e":"1 minute"},"schema":{"@context":"https:\/\/schema.org","@graph":[{"@type":"WebPage","@id":"https:\/\/itwredhead.ca\/fr\/produit\/c6-epoxy-adhesive\/","url":"https:\/\/itwredhead.ca\/fr\/produit\/c6-epoxy-adhesive\/","name":"Adh\u00e9sif C6+ - Red Head","isPartOf":{"@id":"https:\/\/itwredhead.ca\/fr\/#website"},"primaryImageOfPage":{"@id":"https:\/\/itwredhead.ca\/fr\/produit\/c6-epoxy-adhesive\/#primaryimage"},"image":{"@id":"https:\/\/itwredhead.ca\/fr\/produit\/c6-epoxy-adhesive\/#primaryimage"},"thumbnailUrl":"https:\/\/itwredhead.ca\/wp-content\/uploads\/sites\/6\/2020\/09\/Redhead_C630_Transparent.png","datePublished":"2020-09-15T17:53:09+00:00","dateModified":"2021-03-15T00:03:18+00:00","breadcrumb":{"@id":"https:\/\/itwredhead.ca\/fr\/produit\/c6-epoxy-adhesive\/#breadcrumb"},"inLanguage":"fr-FR","potentialAction":[{"@type":"ReadAction","target":["https:\/\/itwredhead.ca\/fr\/produit\/c6-epoxy-adhesive\/"]}]},{"@type":"ImageObject","inLanguage":"fr-FR","@id":"https:\/\/itwredhead.ca\/fr\/produit\/c6-epoxy-adhesive\/#primaryimage","url":"https:\/\/itwredhead.ca\/wp-content\/uploads\/sites\/6\/2020\/09\/Redhead_C630_Transparent.png","contentUrl":"https:\/\/itwredhead.ca\/wp-content\/uploads\/sites\/6\/2020\/09\/Redhead_C630_Transparent.png","width":1000,"height":1000},{"@type":"BreadcrumbList","@id":"https:\/\/itwredhead.ca\/fr\/produit\/c6-epoxy-adhesive\/#breadcrumb","itemListElement":[{"@type":"ListItem","position":1,"name":"Home","item":"https:\/\/itwredhead.ca\/fr\/"},{"@type":"ListItem","position":2,"name":"Boutique","item":"https:\/\/itwredhead.ca\/fr\/boutique\/"},{"@type":"ListItem","position":3,"name":"Adh\u00e9sif C6+"}]},{"@type":"WebSite","@id":"https:\/\/itwredhead.ca\/fr\/#website","url":"https:\/\/itwredhead.ca\/fr\/","name":"Red Head","description":"Concrete Anchoring and Reinforcing Solutions","potentialAction":[{"@type":"SearchAction","target":{"@type":"EntryPoint","urlTemplate":"https:\/\/itwredhead.ca\/fr\/?s={search_term_string}"},"query-input":{"@type":"PropertyValueSpecification","valueRequired":true,"valueName":"search_term_string"}}],"inLanguage":"fr-FR"}]}},"_links":{"self":[{"href":"https:\/\/itwredhead.ca\/fr\/wp-json\/wp\/v2\/product\/7990","targetHints":{"allow":["GET"]}}],"collection":[{"href":"https:\/\/itwredhead.ca\/fr\/wp-json\/wp\/v2\/product"}],"about":[{"href":"https:\/\/itwredhead.ca\/fr\/wp-json\/wp\/v2\/types\/product"}],"wp:featuredmedia":[{"embeddable":true,"href":"https:\/\/itwredhead.ca\/fr\/wp-json\/wp\/v2\/media\/7874"}],"wp:attachment":[{"href":"https:\/\/itwredhead.ca\/fr\/wp-json\/wp\/v2\/media?parent=7990"}],"wp:term":[{"taxonomy":"product_brand","embeddable":true,"href":"https:\/\/itwredhead.ca\/fr\/wp-json\/wp\/v2\/product_brand?post=7990"},{"taxonomy":"product_cat","embeddable":true,"href":"https:\/\/itwredhead.ca\/fr\/wp-json\/wp\/v2\/product_cat?post=7990"},{"taxonomy":"product_tag","embeddable":true,"href":"https:\/\/itwredhead.ca\/fr\/wp-json\/wp\/v2\/product_tag?post=7990"}],"curies":[{"name":"wp","href":"https:\/\/api.w.org\/{rel}","templated":true}]}}