{"id":7989,"date":"2020-09-15T17:53:09","date_gmt":"2020-09-15T17:53:09","guid":{"rendered":"https:\/\/itwredhead.ca\/product\/a7-hybrid-adhesive\/"},"modified":"2021-03-15T00:04:20","modified_gmt":"2021-03-15T00:04:20","slug":"a7-hybrid-adhesive","status":"publish","type":"product","link":"https:\/\/itwredhead.ca\/fr\/produit\/a7-hybrid-adhesive\/","title":{"rendered":"Adh\u00e9sif A7+"},"content":{"rendered":"<p><strong>A7+ HYBRIDE<br \/>\n<\/strong><em>Adh\u00e9sif hybride \u00e0 distribution et \u00e0 durcissement rapides<\/em><\/p>\n<p><strong>Le plus polyvalent\u00a0<\/strong>\u2013 un adh\u00e9sif pour une tr\u00e8s large gamme d\u2019applications et de substrats d\u2019ancrage, y compris la ma\u00e7onnerie<\/p>\n<p><strong>Toutes les conditions m\u00e9t\u00e9orologiques\u00a0<\/strong>\u2013 approuv\u00e9 pour les installations satur\u00e9es, remplies d\u2019eau et immerg\u00e9es.<\/p>\n<p><strong>Approbation en vertu des codes\u00a0<\/strong>\u2013 b\u00e9ton fissur\u00e9, sismique, NSF 61, minist\u00e8re des Transports de l\u2019Ontario, du Qu\u00e9bec et de la Colombie-Britannique.<\/p>\n<ul>\n<li>Des solutions adh\u00e9sives tout-en-un pour l\u2019ancrage de poids l\u00e9ger, moyen et lourd dans le b\u00e9ton<\/li>\n<li>Durcit plus rapidement et peut \u00eatre pos\u00e9 \u00e0 des temp\u00e9ratures basses<\/li>\n<li>Deux tailles de cartouche pour s\u2019adapter aux exigences du chantier<\/li>\n<\/ul>\n","protected":false},"excerpt":{"rendered":"<p>RED HEAD A7+ est un adh\u00e9sif haute r\u00e9sistance \u00e0 durcissement rapide con\u00e7u pour ancrer solidement les tiges filet\u00e9es et les barres d\u2019armature au b\u00e9ton et \u00e0 la ma\u00e7onnerie durcis. A7+ est l\u2019une des solutions d\u2019ancrage les plus polyvalentes du march\u00e9, adapt\u00e9e \u00e0 une utilisation dans une tr\u00e8s large gamme d\u2019applications et de conditions environnementales et sp\u00e9cifiquement con\u00e7ue pour les applications d\u2019ancrage structurelles et non structurelles. Il est offert en formats de 10 onces et 28 onces.<\/p>\n","protected":false},"featured_media":7873,"template":"","meta":{"_acf_changed":false,"inline_featured_image":false},"product_brand":[],"product_cat":[165,164],"product_tag":[],"class_list":{"0":"post-7989","1":"product","2":"type-product","3":"status-publish","4":"has-post-thumbnail","6":"product_cat-a7-fr","7":"product_cat-adhesifs","9":"first","10":"instock","11":"product-type-simple"},"acf":[],"yoast_head":"<!-- This site is optimized with the Yoast SEO plugin v27.2 - https:\/\/yoast.com\/product\/yoast-seo-wordpress\/ -->\n<title>Adh\u00e9sif A7+ - Red Head<\/title>\n<meta name=\"robots\" content=\"index, follow, max-snippet:-1, max-image-preview:large, max-video-preview:-1\" \/>\n<link rel=\"canonical\" href=\"https:\/\/itwredhead.ca\/fr\/produit\/a7-hybrid-adhesive\/\" \/>\n<meta property=\"og:locale\" content=\"fr_FR\" \/>\n<meta property=\"og:type\" content=\"article\" \/>\n<meta property=\"og:title\" content=\"Adh\u00e9sif A7+ - Red Head\" \/>\n<meta property=\"og:description\" content=\"RED HEAD A7+ est un adh\u00e9sif haute r\u00e9sistance \u00e0 durcissement rapide con\u00e7u pour ancrer solidement les tiges filet\u00e9es et les barres d\u2019armature au b\u00e9ton et \u00e0 la ma\u00e7onnerie durcis. A7+ est l\u2019une des solutions d\u2019ancrage les plus polyvalentes du march\u00e9, adapt\u00e9e \u00e0 une utilisation dans une tr\u00e8s large gamme d\u2019applications et de conditions environnementales et sp\u00e9cifiquement con\u00e7ue pour les applications d\u2019ancrage structurelles et non structurelles. Il est offert en formats de 10 onces et 28 onces.\" \/>\n<meta property=\"og:url\" content=\"https:\/\/itwredhead.ca\/fr\/produit\/a7-hybrid-adhesive\/\" \/>\n<meta property=\"og:site_name\" content=\"Red Head\" \/>\n<meta property=\"article:modified_time\" content=\"2021-03-15T00:04:20+00:00\" \/>\n<meta property=\"og:image\" content=\"https:\/\/itwredhead.ca\/wp-content\/uploads\/sites\/6\/2020\/09\/Add-the-C6-to-these-2-A7-transparent.png\" \/>\n\t<meta property=\"og:image:width\" content=\"1000\" \/>\n\t<meta property=\"og:image:height\" content=\"1000\" \/>\n\t<meta property=\"og:image:type\" content=\"image\/png\" \/>\n<meta name=\"twitter:card\" content=\"summary_large_image\" \/>\n<meta name=\"twitter:label1\" content=\"Dur\u00e9e de lecture estim\u00e9e\" \/>\n\t<meta name=\"twitter:data1\" content=\"1 minute\" \/>\n<script type=\"application\/ld+json\" class=\"yoast-schema-graph\">{\"@context\":\"https:\/\/schema.org\",\"@graph\":[{\"@type\":\"WebPage\",\"@id\":\"https:\/\/itwredhead.ca\/fr\/produit\/a7-hybrid-adhesive\/\",\"url\":\"https:\/\/itwredhead.ca\/fr\/produit\/a7-hybrid-adhesive\/\",\"name\":\"Adh\u00e9sif A7+ - Red Head\",\"isPartOf\":{\"@id\":\"https:\/\/itwredhead.ca\/fr\/#website\"},\"primaryImageOfPage\":{\"@id\":\"https:\/\/itwredhead.ca\/fr\/produit\/a7-hybrid-adhesive\/#primaryimage\"},\"image\":{\"@id\":\"https:\/\/itwredhead.ca\/fr\/produit\/a7-hybrid-adhesive\/#primaryimage\"},\"thumbnailUrl\":\"https:\/\/itwredhead.ca\/wp-content\/uploads\/sites\/6\/2020\/09\/Add-the-C6-to-these-2-A7-transparent.png\",\"datePublished\":\"2020-09-15T17:53:09+00:00\",\"dateModified\":\"2021-03-15T00:04:20+00:00\",\"breadcrumb\":{\"@id\":\"https:\/\/itwredhead.ca\/fr\/produit\/a7-hybrid-adhesive\/#breadcrumb\"},\"inLanguage\":\"fr-FR\",\"potentialAction\":[{\"@type\":\"ReadAction\",\"target\":[\"https:\/\/itwredhead.ca\/fr\/produit\/a7-hybrid-adhesive\/\"]}]},{\"@type\":\"ImageObject\",\"inLanguage\":\"fr-FR\",\"@id\":\"https:\/\/itwredhead.ca\/fr\/produit\/a7-hybrid-adhesive\/#primaryimage\",\"url\":\"https:\/\/itwredhead.ca\/wp-content\/uploads\/sites\/6\/2020\/09\/Add-the-C6-to-these-2-A7-transparent.png\",\"contentUrl\":\"https:\/\/itwredhead.ca\/wp-content\/uploads\/sites\/6\/2020\/09\/Add-the-C6-to-these-2-A7-transparent.png\",\"width\":1000,\"height\":1000},{\"@type\":\"BreadcrumbList\",\"@id\":\"https:\/\/itwredhead.ca\/fr\/produit\/a7-hybrid-adhesive\/#breadcrumb\",\"itemListElement\":[{\"@type\":\"ListItem\",\"position\":1,\"name\":\"Home\",\"item\":\"https:\/\/itwredhead.ca\/fr\/\"},{\"@type\":\"ListItem\",\"position\":2,\"name\":\"Boutique\",\"item\":\"https:\/\/itwredhead.ca\/fr\/boutique\/\"},{\"@type\":\"ListItem\",\"position\":3,\"name\":\"Adh\u00e9sif A7+\"}]},{\"@type\":\"WebSite\",\"@id\":\"https:\/\/itwredhead.ca\/fr\/#website\",\"url\":\"https:\/\/itwredhead.ca\/fr\/\",\"name\":\"Red Head\",\"description\":\"Concrete Anchoring and Reinforcing Solutions\",\"potentialAction\":[{\"@type\":\"SearchAction\",\"target\":{\"@type\":\"EntryPoint\",\"urlTemplate\":\"https:\/\/itwredhead.ca\/fr\/?s={search_term_string}\"},\"query-input\":{\"@type\":\"PropertyValueSpecification\",\"valueRequired\":true,\"valueName\":\"search_term_string\"}}],\"inLanguage\":\"fr-FR\"}]}<\/script>\n<!-- \/ Yoast SEO plugin. -->","yoast_head_json":{"title":"Adh\u00e9sif A7+ - Red Head","robots":{"index":"index","follow":"follow","max-snippet":"max-snippet:-1","max-image-preview":"max-image-preview:large","max-video-preview":"max-video-preview:-1"},"canonical":"https:\/\/itwredhead.ca\/fr\/produit\/a7-hybrid-adhesive\/","og_locale":"fr_FR","og_type":"article","og_title":"Adh\u00e9sif A7+ - Red Head","og_description":"RED HEAD A7+ est un adh\u00e9sif haute r\u00e9sistance \u00e0 durcissement rapide con\u00e7u pour ancrer solidement les tiges filet\u00e9es et les barres d\u2019armature au b\u00e9ton et \u00e0 la ma\u00e7onnerie durcis. A7+ est l\u2019une des solutions d\u2019ancrage les plus polyvalentes du march\u00e9, adapt\u00e9e \u00e0 une utilisation dans une tr\u00e8s large gamme d\u2019applications et de conditions environnementales et sp\u00e9cifiquement con\u00e7ue pour les applications d\u2019ancrage structurelles et non structurelles. Il est offert en formats de 10 onces et 28 onces.","og_url":"https:\/\/itwredhead.ca\/fr\/produit\/a7-hybrid-adhesive\/","og_site_name":"Red Head","article_modified_time":"2021-03-15T00:04:20+00:00","og_image":[{"width":1000,"height":1000,"url":"https:\/\/itwredhead.ca\/wp-content\/uploads\/sites\/6\/2020\/09\/Add-the-C6-to-these-2-A7-transparent.png","type":"image\/png"}],"twitter_card":"summary_large_image","twitter_misc":{"Dur\u00e9e de lecture estim\u00e9e":"1 minute"},"schema":{"@context":"https:\/\/schema.org","@graph":[{"@type":"WebPage","@id":"https:\/\/itwredhead.ca\/fr\/produit\/a7-hybrid-adhesive\/","url":"https:\/\/itwredhead.ca\/fr\/produit\/a7-hybrid-adhesive\/","name":"Adh\u00e9sif A7+ - Red Head","isPartOf":{"@id":"https:\/\/itwredhead.ca\/fr\/#website"},"primaryImageOfPage":{"@id":"https:\/\/itwredhead.ca\/fr\/produit\/a7-hybrid-adhesive\/#primaryimage"},"image":{"@id":"https:\/\/itwredhead.ca\/fr\/produit\/a7-hybrid-adhesive\/#primaryimage"},"thumbnailUrl":"https:\/\/itwredhead.ca\/wp-content\/uploads\/sites\/6\/2020\/09\/Add-the-C6-to-these-2-A7-transparent.png","datePublished":"2020-09-15T17:53:09+00:00","dateModified":"2021-03-15T00:04:20+00:00","breadcrumb":{"@id":"https:\/\/itwredhead.ca\/fr\/produit\/a7-hybrid-adhesive\/#breadcrumb"},"inLanguage":"fr-FR","potentialAction":[{"@type":"ReadAction","target":["https:\/\/itwredhead.ca\/fr\/produit\/a7-hybrid-adhesive\/"]}]},{"@type":"ImageObject","inLanguage":"fr-FR","@id":"https:\/\/itwredhead.ca\/fr\/produit\/a7-hybrid-adhesive\/#primaryimage","url":"https:\/\/itwredhead.ca\/wp-content\/uploads\/sites\/6\/2020\/09\/Add-the-C6-to-these-2-A7-transparent.png","contentUrl":"https:\/\/itwredhead.ca\/wp-content\/uploads\/sites\/6\/2020\/09\/Add-the-C6-to-these-2-A7-transparent.png","width":1000,"height":1000},{"@type":"BreadcrumbList","@id":"https:\/\/itwredhead.ca\/fr\/produit\/a7-hybrid-adhesive\/#breadcrumb","itemListElement":[{"@type":"ListItem","position":1,"name":"Home","item":"https:\/\/itwredhead.ca\/fr\/"},{"@type":"ListItem","position":2,"name":"Boutique","item":"https:\/\/itwredhead.ca\/fr\/boutique\/"},{"@type":"ListItem","position":3,"name":"Adh\u00e9sif A7+"}]},{"@type":"WebSite","@id":"https:\/\/itwredhead.ca\/fr\/#website","url":"https:\/\/itwredhead.ca\/fr\/","name":"Red Head","description":"Concrete Anchoring and Reinforcing Solutions","potentialAction":[{"@type":"SearchAction","target":{"@type":"EntryPoint","urlTemplate":"https:\/\/itwredhead.ca\/fr\/?s={search_term_string}"},"query-input":{"@type":"PropertyValueSpecification","valueRequired":true,"valueName":"search_term_string"}}],"inLanguage":"fr-FR"}]}},"_links":{"self":[{"href":"https:\/\/itwredhead.ca\/fr\/wp-json\/wp\/v2\/product\/7989","targetHints":{"allow":["GET"]}}],"collection":[{"href":"https:\/\/itwredhead.ca\/fr\/wp-json\/wp\/v2\/product"}],"about":[{"href":"https:\/\/itwredhead.ca\/fr\/wp-json\/wp\/v2\/types\/product"}],"wp:featuredmedia":[{"embeddable":true,"href":"https:\/\/itwredhead.ca\/fr\/wp-json\/wp\/v2\/media\/7873"}],"wp:attachment":[{"href":"https:\/\/itwredhead.ca\/fr\/wp-json\/wp\/v2\/media?parent=7989"}],"wp:term":[{"taxonomy":"product_brand","embeddable":true,"href":"https:\/\/itwredhead.ca\/fr\/wp-json\/wp\/v2\/product_brand?post=7989"},{"taxonomy":"product_cat","embeddable":true,"href":"https:\/\/itwredhead.ca\/fr\/wp-json\/wp\/v2\/product_cat?post=7989"},{"taxonomy":"product_tag","embeddable":true,"href":"https:\/\/itwredhead.ca\/fr\/wp-json\/wp\/v2\/product_tag?post=7989"}],"curies":[{"name":"wp","href":"https:\/\/api.w.org\/{rel}","templated":true}]}}