{"id":8001,"date":"2018-12-17T08:46:49","date_gmt":"2018-12-17T08:46:49","guid":{"rendered":"https:\/\/itwredhead.ca\/about\/"},"modified":"2021-06-01T18:11:58","modified_gmt":"2021-06-01T18:11:58","slug":"a-propos","status":"publish","type":"page","link":"https:\/\/itwredhead.ca\/fr\/a-propos\/","title":{"rendered":"\u00c0 Propos"},"content":{"rendered":"<div class=\"wpb-content-wrapper\"><p>[vc_row row_content_width=\u00a0\u00bbgrid\u00a0\u00bb row_btt_skin=\u00a0\u00bblight\u00a0\u00bb row_background_text_position=\u00a0\u00bbfront\u00a0\u00bb row_skin=\u00a0\u00bbdark\u00a0\u00bb][vc_column][vc_column_text]<\/p>\n<h4>FIABILIT\u00c9 \u00c9PROUV\u00c9E<\/h4>\n<p>Depuis 1910, des gratte-ciels aux stades, en passant par les ponts et les installations militaires, nos produits ont \u00e9t\u00e9 utilis\u00e9s dans pratiquement toutes les applications imaginables de b\u00e2timents commerciaux, de construction et de r\u00e9novation. Tout simplement, partout o\u00f9 il est n\u00e9cessaire d&rsquo;ancrer ou de fixer au b\u00e9ton ou \u00e0 la ma\u00e7onnerie, les produits RED HEAD sont votre premier choix.<\/p>\n<h4>APPROUV\u00c9 EN VERTU DU CODE DE B\u00c2TIMENT<\/h4>\n<p>R\u00e9pondre aux exigences exactes d&rsquo;une application sp\u00e9cifique est souvent une d\u00e9cision \u00ab passe ou casse \u00bb pour les architectes, les ing\u00e9nieurs et les entrepreneurs lors du choix des solutions d&rsquo;ancrage. Quel que soit le type d&rsquo;application, l&rsquo;environnement ou les exigences sismiques, vous aurez l&rsquo;esprit tranquille en sachant que certains produits RED HEAD r\u00e9pondent aux crit\u00e8res des codes du b\u00e2timent et des approbations.<\/p>\n<h4>POLYVALENCE<\/h4>\n<p>Notre famille de solutions d&rsquo;ancrage m\u00e9canique comprend tout, des ancrages \u00e0 cale aux ancrages \u00e0 percussion, pour r\u00e9pondre aux besoins et aux exigences des architectes, ing\u00e9nieurs et entrepreneurs d&rsquo;aujourd&rsquo;hui. Disponibles dans tous les diam\u00e8tres et longueurs courants pour convenir \u00e0 toute application de fixation au b\u00e9ton, les ancrages RED HEAD sont con\u00e7us pour maximiser la s\u00e9curit\u00e9, l&rsquo;efficacit\u00e9 et la facilit\u00e9 d&rsquo;installation.<\/p>\n<p><strong>Le syst\u00e8me d&rsquo;ancrage adh\u00e9sif RED HEAD comprend une famille compl\u00e8te de produits et d&rsquo;accessoires de qualit\u00e9 con\u00e7us pour fonctionner dans une vari\u00e9t\u00e9 d&rsquo;applications de fixation.<\/strong><\/p>\n<p>Profitez des performances d&rsquo;ancrage maximales avec :<\/p>\n<p><strong>Syst\u00e8mes \u00e9poxy &#8211;<\/strong> Les \u00e9poxydes sont tr\u00e8s r\u00e9sistants (1 1\/2 fois plus solides que les ancrages m\u00e9caniques) et insensibles \u00e0 l&rsquo;humidit\u00e9. Le rapport de m\u00e9lange et le m\u00e9lange complet du durcisseur et de la r\u00e9sine sont importants pour les \u00e9poxydes. Les performances maximales des \u00e9poxydes RED HEAD sont obtenues par des proportions et un m\u00e9lange pr\u00e9cis fournis par nos cartouches, nos buses de m\u00e9lange et nos outils de distribution hautement sophistiqu\u00e9s.<\/p>\n<p><strong>Syst\u00e8mes hybrides &#8211;<\/strong> Combinez une excellente capacit\u00e9 de m\u00e9lange et un m\u00e9canisme de durcissement par r\u00e9action en cha\u00eene avec un adh\u00e9sif hybride r\u00e9sistant. Notre chimie hybride est id\u00e9ale pour l&rsquo;ancrage car elle se distribue rapidement, n&rsquo;est pas sensible au rapport de m\u00e9lange, offre un temps de travail suffisant et durcit extr\u00eamement rapidement dans les trous de petit et grand diam\u00e8tre. Les tiges sont plus faciles et plus rapides \u00e0 ins\u00e9rer dans les adh\u00e9sifs acryliques que les adh\u00e9sifs \u00e9poxy \u00e0 toutes les temp\u00e9ratures.[\/vc_column_text][\/vc_column][\/vc_row][vc_row row_content_width=\u00a0\u00bbgrid\u00a0\u00bb row_btt_skin=\u00a0\u00bblight\u00a0\u00bb row_background_text_position=\u00a0\u00bbfront\u00a0\u00bb][vc_column width=\u00a0\u00bb1\/2&Prime;]<div class=\"mkdf-banner-holder  mkdf-hover-background-color mkdf-banner-info-default\">\n    <div class=\"mkdf-banner-image\">\n            <\/div>\n    <div class=\"mkdf-banner-text-holder\" style=\"padding: 35px 22px 31px 0\">\n\t    <div class=\"mkdf-banner-text-outer\">\n\t\t    <div class=\"mkdf-banner-text-inner\">\n\t\t        \t\t            <h5 class=\"mkdf-banner-subtitle\" style=\"font-size: 12px;color: #57585b\">\n\t\t\t            NOS PRODUITS\t\t            <\/h5>\n\t\t        \t\t        \t\t            <h4 class=\"mkdf-banner-title\" style=\"color: #ff0202;margin-top: -3px\">\n\t\t                Adh\u00e9sifs\t                <\/h4>\n\t\t        \t\t\t\t                    <a itemprop=\"url\" href=\"https:\/\/itwredhead.ca\/fr\/categorie-produit\/adhesifs\/\" target=\"_self\"  class=\"mkdf-btn mkdf-btn-medium mkdf-btn-simple\"  >\n    <span class=\"mkdf-btn-text\"><\/span>\n    <\/a>\t\t        \t\t\t<\/div>\n\t\t<\/div>\n\t<\/div>\n\t        <a itemprop=\"url\" class=\"mkdf-banner-link\" href=\"https:\/\/itwredhead.ca\/fr\/categorie-produit\/adhesifs\/\" target=\"_self\"><\/a>\n    <div class=\"mkdf-banner-bottom-line\" ><\/div>\n<\/div>[vc_empty_space][\/vc_column][vc_column width=\u00a0\u00bb1\/2&Prime;]<div class=\"mkdf-banner-holder  mkdf-hover-background-color mkdf-banner-info-default\">\n    <div class=\"mkdf-banner-image\">\n            <\/div>\n    <div class=\"mkdf-banner-text-holder\" style=\"padding: 35px 22px 31px 0\">\n\t    <div class=\"mkdf-banner-text-outer\">\n\t\t    <div class=\"mkdf-banner-text-inner\">\n\t\t        \t\t            <h5 class=\"mkdf-banner-subtitle\" style=\"font-size: 12px;color: #57585b\">\n\t\t\t            NOS PRODUITS\t\t            <\/h5>\n\t\t        \t\t        \t\t            <h4 class=\"mkdf-banner-title\" style=\"color: #ff0202;margin-top: -3px\">\n\t\t                Ancrages m\u00e9caniques\t                <\/h4>\n\t\t        \t\t\t\t                    <a itemprop=\"url\" href=\"https:\/\/itwredhead.ca\/fr\/categorie-produit\/ancrages-mecaniques\/\" target=\"_self\"  class=\"mkdf-btn mkdf-btn-medium mkdf-btn-simple\"  >\n    <span class=\"mkdf-btn-text\"><\/span>\n    <\/a>\t\t        \t\t\t<\/div>\n\t\t<\/div>\n\t<\/div>\n\t        <a itemprop=\"url\" class=\"mkdf-banner-link\" href=\"https:\/\/itwredhead.ca\/fr\/categorie-produit\/ancrages-mecaniques\/\" target=\"_self\"><\/a>\n    <div class=\"mkdf-banner-bottom-line\" ><\/div>\n<\/div>[vc_empty_space][\/vc_column][\/vc_row]<\/p>\n<\/div>","protected":false},"excerpt":{"rendered":"<p>[vc_row row_content_width=\u00a0\u00bbgrid\u00a0\u00bb row_btt_skin=\u00a0\u00bblight\u00a0\u00bb row_background_text_position=\u00a0\u00bbfront\u00a0\u00bb row_skin=\u00a0\u00bbdark\u00a0\u00bb][vc_column][vc_column_text] FIABILIT\u00c9 \u00c9PROUV\u00c9E Depuis 1910, des gratte-ciels aux stades, en passant par les ponts et les installations militaires, nos produits ont \u00e9t\u00e9 utilis\u00e9s dans pratiquement toutes les applications imaginables de b\u00e2timents commerciaux, de construction et de [&hellip;]<\/p>\n","protected":false},"author":1,"featured_media":0,"parent":0,"menu_order":0,"comment_status":"closed","ping_status":"closed","template":"full-width.php","meta":{"_acf_changed":false,"inline_featured_image":false,"footnotes":""},"class_list":["post-8001","page","type-page","status-publish","hentry"],"acf":[],"yoast_head":"<!-- This site is optimized with the Yoast SEO plugin v27.2 - https:\/\/yoast.com\/product\/yoast-seo-wordpress\/ -->\n<title>\u00c0 Propos - Red Head<\/title>\n<meta name=\"description\" content=\"A business unit of ITW Construction Products Canada, a division of Illinois Tool Works, is a leading manufacturer of adhesive anchoring products and mechanical anchors in commercial construction.\" \/>\n<meta name=\"robots\" content=\"index, follow, max-snippet:-1, max-image-preview:large, max-video-preview:-1\" \/>\n<link rel=\"canonical\" href=\"https:\/\/itwredhead.ca\/fr\/a-propos\/\" \/>\n<meta property=\"og:locale\" content=\"fr_FR\" \/>\n<meta property=\"og:type\" content=\"article\" \/>\n<meta property=\"og:title\" content=\"\u00c0 Propos - Red Head\" \/>\n<meta property=\"og:description\" content=\"A business unit of ITW Construction Products Canada, a division of Illinois Tool Works, is a leading manufacturer of adhesive anchoring products and mechanical anchors in commercial construction.\" \/>\n<meta property=\"og:url\" content=\"https:\/\/itwredhead.ca\/fr\/a-propos\/\" \/>\n<meta property=\"og:site_name\" content=\"Red Head\" \/>\n<meta property=\"article:modified_time\" content=\"2021-06-01T18:11:58+00:00\" \/>\n<meta name=\"twitter:card\" content=\"summary_large_image\" \/>\n<meta name=\"twitter:label1\" content=\"Dur\u00e9e de lecture estim\u00e9e\" \/>\n\t<meta name=\"twitter:data1\" content=\"3 minutes\" \/>\n<script type=\"application\/ld+json\" class=\"yoast-schema-graph\">{\"@context\":\"https:\/\/schema.org\",\"@graph\":[{\"@type\":\"WebPage\",\"@id\":\"https:\/\/itwredhead.ca\/fr\/a-propos\/\",\"url\":\"https:\/\/itwredhead.ca\/fr\/a-propos\/\",\"name\":\"\u00c0 Propos - Red Head\",\"isPartOf\":{\"@id\":\"https:\/\/itwredhead.ca\/fr\/#website\"},\"datePublished\":\"2018-12-17T08:46:49+00:00\",\"dateModified\":\"2021-06-01T18:11:58+00:00\",\"description\":\"A business unit of ITW Construction Products Canada, a division of Illinois Tool Works, is a leading manufacturer of adhesive anchoring products and mechanical anchors in commercial construction.\",\"breadcrumb\":{\"@id\":\"https:\/\/itwredhead.ca\/fr\/a-propos\/#breadcrumb\"},\"inLanguage\":\"fr-FR\",\"potentialAction\":[{\"@type\":\"ReadAction\",\"target\":[\"https:\/\/itwredhead.ca\/fr\/a-propos\/\"]}]},{\"@type\":\"BreadcrumbList\",\"@id\":\"https:\/\/itwredhead.ca\/fr\/a-propos\/#breadcrumb\",\"itemListElement\":[{\"@type\":\"ListItem\",\"position\":1,\"name\":\"Home\",\"item\":\"https:\/\/itwredhead.ca\/fr\/\"},{\"@type\":\"ListItem\",\"position\":2,\"name\":\"\u00c0 Propos\"}]},{\"@type\":\"WebSite\",\"@id\":\"https:\/\/itwredhead.ca\/fr\/#website\",\"url\":\"https:\/\/itwredhead.ca\/fr\/\",\"name\":\"Red Head\",\"description\":\"Concrete Anchoring and Reinforcing Solutions\",\"potentialAction\":[{\"@type\":\"SearchAction\",\"target\":{\"@type\":\"EntryPoint\",\"urlTemplate\":\"https:\/\/itwredhead.ca\/fr\/?s={search_term_string}\"},\"query-input\":{\"@type\":\"PropertyValueSpecification\",\"valueRequired\":true,\"valueName\":\"search_term_string\"}}],\"inLanguage\":\"fr-FR\"}]}<\/script>\n<!-- \/ Yoast SEO plugin. -->","yoast_head_json":{"title":"\u00c0 Propos - Red Head","description":"A business unit of ITW Construction Products Canada, a division of Illinois Tool Works, is a leading manufacturer of adhesive anchoring products and mechanical anchors in commercial construction.","robots":{"index":"index","follow":"follow","max-snippet":"max-snippet:-1","max-image-preview":"max-image-preview:large","max-video-preview":"max-video-preview:-1"},"canonical":"https:\/\/itwredhead.ca\/fr\/a-propos\/","og_locale":"fr_FR","og_type":"article","og_title":"\u00c0 Propos - Red Head","og_description":"A business unit of ITW Construction Products Canada, a division of Illinois Tool Works, is a leading manufacturer of adhesive anchoring products and mechanical anchors in commercial construction.","og_url":"https:\/\/itwredhead.ca\/fr\/a-propos\/","og_site_name":"Red Head","article_modified_time":"2021-06-01T18:11:58+00:00","twitter_card":"summary_large_image","twitter_misc":{"Dur\u00e9e de lecture estim\u00e9e":"3 minutes"},"schema":{"@context":"https:\/\/schema.org","@graph":[{"@type":"WebPage","@id":"https:\/\/itwredhead.ca\/fr\/a-propos\/","url":"https:\/\/itwredhead.ca\/fr\/a-propos\/","name":"\u00c0 Propos - Red Head","isPartOf":{"@id":"https:\/\/itwredhead.ca\/fr\/#website"},"datePublished":"2018-12-17T08:46:49+00:00","dateModified":"2021-06-01T18:11:58+00:00","description":"A business unit of ITW Construction Products Canada, a division of Illinois Tool Works, is a leading manufacturer of adhesive anchoring products and mechanical anchors in commercial construction.","breadcrumb":{"@id":"https:\/\/itwredhead.ca\/fr\/a-propos\/#breadcrumb"},"inLanguage":"fr-FR","potentialAction":[{"@type":"ReadAction","target":["https:\/\/itwredhead.ca\/fr\/a-propos\/"]}]},{"@type":"BreadcrumbList","@id":"https:\/\/itwredhead.ca\/fr\/a-propos\/#breadcrumb","itemListElement":[{"@type":"ListItem","position":1,"name":"Home","item":"https:\/\/itwredhead.ca\/fr\/"},{"@type":"ListItem","position":2,"name":"\u00c0 Propos"}]},{"@type":"WebSite","@id":"https:\/\/itwredhead.ca\/fr\/#website","url":"https:\/\/itwredhead.ca\/fr\/","name":"Red Head","description":"Concrete Anchoring and Reinforcing Solutions","potentialAction":[{"@type":"SearchAction","target":{"@type":"EntryPoint","urlTemplate":"https:\/\/itwredhead.ca\/fr\/?s={search_term_string}"},"query-input":{"@type":"PropertyValueSpecification","valueRequired":true,"valueName":"search_term_string"}}],"inLanguage":"fr-FR"}]}},"_links":{"self":[{"href":"https:\/\/itwredhead.ca\/fr\/wp-json\/wp\/v2\/pages\/8001","targetHints":{"allow":["GET"]}}],"collection":[{"href":"https:\/\/itwredhead.ca\/fr\/wp-json\/wp\/v2\/pages"}],"about":[{"href":"https:\/\/itwredhead.ca\/fr\/wp-json\/wp\/v2\/types\/page"}],"author":[{"embeddable":true,"href":"https:\/\/itwredhead.ca\/fr\/wp-json\/wp\/v2\/users\/1"}],"replies":[{"embeddable":true,"href":"https:\/\/itwredhead.ca\/fr\/wp-json\/wp\/v2\/comments?post=8001"}],"version-history":[{"count":0,"href":"https:\/\/itwredhead.ca\/fr\/wp-json\/wp\/v2\/pages\/8001\/revisions"}],"wp:attachment":[{"href":"https:\/\/itwredhead.ca\/fr\/wp-json\/wp\/v2\/media?parent=8001"}],"curies":[{"name":"wp","href":"https:\/\/api.w.org\/{rel}","templated":true}]}}