{"id":7997,"date":"2018-12-05T12:44:22","date_gmt":"2018-12-05T12:44:22","guid":{"rendered":"https:\/\/itwredhead.ca\/main-home\/"},"modified":"2021-06-01T18:07:15","modified_gmt":"2021-06-01T18:07:15","slug":"main-home","status":"publish","type":"page","link":"https:\/\/itwredhead.ca\/fr\/","title":{"rendered":"Main Home"},"content":{"rendered":"<div class=\"wpb-content-wrapper\"><p>[vc_row content_placement=\u00a0\u00bbtop\u00a0\u00bb css_animation=\u00a0\u00bbfadeIn\u00a0\u00bb row_content_width=\u00a0\u00bbgrid\u00a0\u00bb row_btt_skin=\u00a0\u00bblight\u00a0\u00bb row_background_text_position=\u00a0\u00bbfront\u00a0\u00bb row_skin=\u00a0\u00bbdark\u00a0\u00bb css=\u00a0\u00bb.vc_custom_1600100973075{padding-bottom: 5em !important;}\u00a0\u00bb][vc_column]<div class=\"mkdf-elements-holder   mkdf-four-columns  mkdf-responsive-mode-1024 \" ><div class=\"mkdf-eh-item    \"  data-item-class=\"mkdf-eh-custom-7860\" data-1367-1600=\"11px 0 29px 70px\" data-1025-1366=\"11px 0 29px 0px\" data-769-1024=\"11px 0px 0px 0\" data-681-768=\"11px 0px 0px 0\" data-680=\"11px 0 0px 0px\">\n\t<div class=\"mkdf-eh-item-inner\">\n\t\t<div class=\"mkdf-eh-item-content mkdf-eh-custom-7860\" style=\"padding: 11px 0 29px 74px\">\n\t\t\t<div class=\"mkdf-section-title-holder  mkdf-st-standard mkdf-st-title-left mkdf-st-normal-space mkdf-st-disable-title-break\" >\n\t<div class=\"mkdf-st-inner\">\n        \t\t\t\t\t<h3 class=\"mkdf-st-title\" style=\"color: #6d6e71\">\n\t\t\t\tPourquoi<br \/> choisir la gamme d'ancrages adh\u00e9sifs Red Head?\t\t\t<\/h3>\n\t\t\t\t\t<\/div>\n<\/div>\t\t<\/div>\n\t<\/div>\n<\/div><div class=\"mkdf-eh-item  mkdf-vertical-alignment-top  \"  data-item-class=\"mkdf-eh-custom-5142\" data-1367-1600=\"15px 44px 0 74px\" data-1025-1366=\"15px 10px 0 33px\" data-769-1024=\"0px 0px 0px 0px\" data-681-768=\"0px 0px 0px 0px\" data-680=\"0px 0px 0px 0px\">\n\t<div class=\"mkdf-eh-item-inner\">\n\t\t<div class=\"mkdf-eh-item-content mkdf-eh-custom-5142\" style=\"padding: 15px 34px 0 84px\">\n\t\t\t<div class=\"mkdf-iwt clearfix  mkdf-iwt-icon-top  mkdf-iwt-icon-medium\" data-title-color=\"#6d6e71\">\n\t<div class=\"mkdf-iwt-icon\">\n\t\t\t\t\t\t\t\t\t    <span class=\"mkdf-icon-shortcode mkdf-normal   mkdf-icon-medium\"  >\n                    <i class=\"mkdf-icon-dripicons dripicon  mkdf-icon-element\" style=\"\" ><\/i>            <\/span>\n\t\t\t\t\t\t<\/div>\n\t<div class=\"mkdf-iwt-content\" style=\"padding-top: 22px\">\n        \t\t\t\t\t<h4 class=\"mkdf-iwt-title\" style=\"color: #6d6e71\">\n\t\t\t\t\t\t\t\t<span class=\"mkdf-iwt-title-text\">Le plus simple et le plus polyvalent<\/span>\n\t\t\t\t\t\t\t<\/h4>\n\t\t\t\t\t\t\t<p class=\"mkdf-iwt-text\" style=\"color: #6d6e71;margin-top: 14px\">Le plus polyvalent - un adh\u00e9sif pour une tr\u00e8s large gamme d\u2019applications et de substrats d\u2019ancrage, y compris la ma\u00e7onnerie.<\/p>\n\t\t\t<\/div>\n<\/div>\t\t<\/div>\n\t<\/div>\n<\/div><div class=\"mkdf-eh-item  mkdf-vertical-alignment-top  \"  data-item-class=\"mkdf-eh-custom-7206\" data-1367-1600=\"15px 44px 0 69px\" data-1025-1366=\"15px 0px 0 53px\" data-769-1024=\"0px 0px 0px 0px\" data-681-768=\"0px 0px 0x 0px\" data-680=\"0px 0px 0px 0px\">\n\t<div class=\"mkdf-eh-item-inner\">\n\t\t<div class=\"mkdf-eh-item-content mkdf-eh-custom-7206\" style=\"padding: 15px 29px 0 90px\">\n\t\t\t<div class=\"mkdf-iwt clearfix  mkdf-iwt-icon-top  mkdf-iwt-icon-medium\" data-title-color=\"#6d6e71\">\n\t<div class=\"mkdf-iwt-icon\">\n\t\t\t\t\t\t\t\t\t    <span class=\"mkdf-icon-shortcode mkdf-normal   mkdf-icon-medium\"  >\n                    <i class=\"mkdf-icon-dripicons dripicon  mkdf-icon-element\" style=\"\" ><\/i>            <\/span>\n\t\t\t\t\t\t<\/div>\n\t<div class=\"mkdf-iwt-content\" style=\"padding-top: 18px\">\n        \t\t\t\t\t<h4 class=\"mkdf-iwt-title\" style=\"color: #6d6e71\">\n\t\t\t\t\t\t\t\t<span class=\"mkdf-iwt-title-text\">Toutes les conditions m\u00e9t\u00e9orologiques<\/span>\n\t\t\t\t\t\t\t<\/h4>\n\t\t\t\t\t\t\t<p class=\"mkdf-iwt-text\" style=\"color: #6d6e71;margin-top: 14px\">Approuv\u00e9 pour les installations satur\u00e9es, remplies d&#039;eau et immerg\u00e9es.<\/p>\n\t\t\t<\/div>\n<\/div>\t\t<\/div>\n\t<\/div>\n<\/div><div class=\"mkdf-eh-item  mkdf-vertical-alignment-top  \"  data-item-class=\"mkdf-eh-custom-6680\" data-1367-1600=\"15px 44px 0 69px\" data-1025-1366=\"15px 0px 0 53px\" data-769-1024=\"0px 0px 0px 0px\" data-681-768=\"0px 0px 0x 0px\" data-680=\"0px 0px 0px 0px\">\n\t<div class=\"mkdf-eh-item-inner\">\n\t\t<div class=\"mkdf-eh-item-content mkdf-eh-custom-6680\" style=\"padding: 15px 29px 0 90px\">\n\t\t\t<div class=\"mkdf-iwt clearfix  mkdf-iwt-icon-top  mkdf-iwt-icon-medium\" data-title-color=\"#6d6e71\">\n\t<div class=\"mkdf-iwt-icon\">\n\t\t\t\t\t\t\t\t\t    <span class=\"mkdf-icon-shortcode mkdf-normal   mkdf-icon-medium\"  >\n                    <i class=\"mkdf-icon-dripicons dripicon  mkdf-icon-element\" style=\"\" ><\/i>            <\/span>\n\t\t\t\t\t\t<\/div>\n\t<div class=\"mkdf-iwt-content\" style=\"padding-top: 22px\">\n        \t\t\t\t\t<h4 class=\"mkdf-iwt-title\" style=\"color: #6d6e71\">\n\t\t\t\t\t\t\t\t<span class=\"mkdf-iwt-title-text\">Approbations en vertu du code<\/span>\n\t\t\t\t\t\t\t<\/h4>\n\t\t\t\t\t\t\t<p class=\"mkdf-iwt-text\" style=\"color: #6d6e71;margin-top: 14px\">B\u00e9ton fissur\u00e9, sismique, NSF 61, minist\u00e8re des transports de l&#039;Ontario, du Qu\u00e9bec et de la Colombie-Britannique.<\/p>\n\t\t\t<\/div>\n<\/div>\t\t<\/div>\n\t<\/div>\n<\/div><\/div>[\/vc_column][\/vc_row][vc_row equal_height=\u00a0\u00bbyes\u00a0\u00bb css_animation=\u00a0\u00bbfadeInRight\u00a0\u00bb row_btt_skin=\u00a0\u00bblight\u00a0\u00bb row_background_text_position=\u00a0\u00bbfront\u00a0\u00bb][vc_column width=\u00a0\u00bb1\/2&Prime;][vc_row_inner equal_height=\u00a0\u00bbyes\u00a0\u00bb][vc_column_inner el_class=\u00a0\u00bbhome_categories_half left\u00a0\u00bb width=\u00a0\u00bb1\/2&Prime; css=\u00a0\u00bb.vc_custom_1601401688851{background-image: url(http:\/\/itwredhead.ca\/wp-content\/uploads\/sites\/6\/2020\/09\/Red-Head-Sleeve-Install-Photo-rgb-1.jpg?id=7201) !important;background-position: center !important;background-repeat: no-repeat !important;background-size: cover !important;}\u00a0\u00bb][\/vc_column_inner][vc_column_inner el_class=\u00a0\u00bbhome_categories_half right\u00a0\u00bb width=\u00a0\u00bb1\/2&Prime; css=\u00a0\u00bb.vc_custom_1600101755591{background-color: #231f20 !important;}\u00a0\u00bb]<div class=\"mkdf-section-title-holder  mkdf-st-standard mkdf-st-title-left mkdf-st-normal-space \" style=\"text-align: center\">\n\t<div class=\"mkdf-st-inner\">\n                    <h6 class=\"mkdf-st-intro-title\" style=\"color: #ffffff\">\n                CAT\u00c9GORIES DE PRODUITS            <\/h6>\n        \t\t\t\t\t<h3 class=\"mkdf-st-title\" style=\"color: #ffffff\">\n\t\t\t\tAncrage m\u00e9canique<br \/>\t\t\t<\/h3>\n\t\t\t\t\t\t\t<h5 class=\"mkdf-st-text\" style=\"color: #ffffff\">\n\t\t\t\tNotre famille de solutions d'ancrage m\u00e9canique comprend tout, des manchons aux ancrages\t\t\t<\/h5>\n\t\t\t<\/div>\n<\/div>[vc_empty_space]<a itemprop=\"url\" href=\"https:\/\/itwredhead.ca\/fr\/categorie-produit\/ancrages-mecaniques\/\" target=\"_self\" style=\"color: #ffffff\" class=\"mkdf-btn mkdf-btn-medium mkdf-btn-simple mkdf-btn-custom-hover-color mkdf-btn-icon findoutmore_icon\" data-hover-color=\"#ffffff\" >\n    <span class=\"mkdf-btn-text\">Voir les produits<\/span>\n    <i class=\"mkdf-icon-dripicons dripicon dripicons-plus \" ><\/i><\/a>[\/vc_column_inner][\/vc_row_inner][\/vc_column][vc_column width=\u00a0\u00bb1\/2&Prime;][vc_row_inner equal_height=\u00a0\u00bbyes\u00a0\u00bb][vc_column_inner el_class=\u00a0\u00bbhome_categories_half left\u00a0\u00bb width=\u00a0\u00bb1\/2&Prime; css=\u00a0\u00bb.vc_custom_1601067176399{background-image: url(http:\/\/itwredhead.ca\/wp-content\/uploads\/sites\/6\/2020\/09\/A7-App-1.jpg?id=7176) !important;background-position: center !important;background-repeat: no-repeat !important;background-size: cover !important;}\u00a0\u00bb][\/vc_column_inner][vc_column_inner el_class=\u00a0\u00bbhome_categories_half right\u00a0\u00bb width=\u00a0\u00bb1\/2&Prime; css=\u00a0\u00bb.vc_custom_1600101897567{background-color: #4d4d4d !important;}\u00a0\u00bb]<div class=\"mkdf-section-title-holder  mkdf-st-standard mkdf-st-title-left mkdf-st-normal-space \" style=\"text-align: center\">\n\t<div class=\"mkdf-st-inner\">\n                    <h6 class=\"mkdf-st-intro-title\" style=\"color: #ffffff\">\n                CAT\u00c9GORIES DE PRODUITS            <\/h6>\n        \t\t\t\t\t<h3 class=\"mkdf-st-title\" style=\"color: #ffffff\">\n\t\t\t\tAncrage<br \/> adh\u00e9sif\t\t\t<\/h3>\n\t\t\t\t\t\t\t<h5 class=\"mkdf-st-text\" style=\"color: #ffffff\">\n\t\t\t\tRed Head r\u00e9duit la complexit\u00e9 en couvrant les besoins de vos applications avec moins de produits\t\t\t<\/h5>\n\t\t\t<\/div>\n<\/div>[vc_empty_space]<a itemprop=\"url\" href=\"https:\/\/itwredhead.ca\/fr\/categorie-produit\/adhesifs\/\" target=\"_self\" style=\"color: #ffffff\" class=\"mkdf-btn mkdf-btn-medium mkdf-btn-simple mkdf-btn-custom-hover-color mkdf-btn-icon findoutmore_icon\" data-hover-color=\"#ffffff\" >\n    <span class=\"mkdf-btn-text\">Voir les produits<\/span>\n    <i class=\"mkdf-icon-dripicons dripicon dripicons-plus \" ><\/i><\/a>[\/vc_column_inner][\/vc_row_inner][\/vc_column][\/vc_row][vc_row css_animation=\u00a0\u00bbfadeInLeft\u00a0\u00bb row_btt_skin=\u00a0\u00bblight\u00a0\u00bb row_background_text_position=\u00a0\u00bbfront\u00a0\u00bb][vc_column]<div class=\"mkdf-elements-holder   mkdf-two-columns  mkdf-responsive-mode-1024 \" ><div class=\"mkdf-eh-item    \" style=\"background-color: #ffffff\" data-item-class=\"mkdf-eh-custom-8692\" data-681-768=\"30px 15px 30px 15px\" data-680=\"30px 15px 30px 15px\">\n\t<div class=\"mkdf-eh-item-inner\">\n\t\t<div class=\"mkdf-eh-item-content mkdf-eh-custom-8692\" style=\"padding: 100px 100px 100px 100px\">\n\t\t\t<div class=\"mkdf-section-title-holder  mkdf-st-standard mkdf-st-title-left mkdf-st-normal-space \" >\n\t<div class=\"mkdf-st-inner\">\n        \t\t\t\t\t<h3 class=\"mkdf-st-title\" style=\"color: #4d4d4d\">\n\t\t\t\tCalculatrice d'ancrage\t\t\t<\/h3>\n\t\t\t\t\t\t\t<h5 class=\"mkdf-st-text\" style=\"color: #4d4d4d;font-weight: 400\">\n\t\t\t\tLe logiciel de conception d'ancrage le plus convivial est d\u00e9sormais encore meilleur, vous permettant de r\u00e9aliser plus de types de conceptions d'ancrage de n'importe o\u00f9, que ce soit au bureau ou sur le chantier\t\t\t<\/h5>\n\t\t\t<\/div>\n<\/div>[vc_empty_space]<a itemprop=\"url\" href=\"https:\/\/www.itwccna.com\/calculator\" target=\"_blank\" style=\"color: #ffffff;background-color: #ea1d2c\" class=\"mkdf-btn mkdf-btn-medium mkdf-btn-solid mkdf-btn-custom-hover-color findoutmore_icon\" data-hover-color=\"#ffffff\" >\n    <span class=\"mkdf-btn-text\">En Savior Plus<\/span>\n    <\/a>\t\t<\/div>\n\t<\/div>\n<\/div><div class=\"mkdf-eh-item home_product_cats  mkdf-horizontal-alignment-right \" style=\"background-image: url(https:\/\/itwredhead.ca\/wp-content\/uploads\/sites\/6\/2020\/09\/gettyimages-1178532968-170667a-800.jpg)\" data-item-class=\"mkdf-eh-custom-3591\">\n\t<div class=\"mkdf-eh-item-inner\">\n\t\t<div class=\"mkdf-eh-item-content mkdf-eh-custom-3591\" >\n\t\t\t\t\t<\/div>\n\t<\/div>\n<\/div><\/div>[\/vc_column][\/vc_row]<\/p>\n<\/div>","protected":false},"excerpt":{"rendered":"<p>[vc_row content_placement=\u00a0\u00bbtop\u00a0\u00bb css_animation=\u00a0\u00bbfadeIn\u00a0\u00bb row_content_width=\u00a0\u00bbgrid\u00a0\u00bb row_btt_skin=\u00a0\u00bblight\u00a0\u00bb row_background_text_position=\u00a0\u00bbfront\u00a0\u00bb row_skin=\u00a0\u00bbdark\u00a0\u00bb css=\u00a0\u00bb.vc_custom_1600100973075{padding-bottom: 5em !important;}\u00a0\u00bb][vc_column][\/vc_column][\/vc_row][vc_row equal_height=\u00a0\u00bbyes\u00a0\u00bb css_animation=\u00a0\u00bbfadeInRight\u00a0\u00bb row_btt_skin=\u00a0\u00bblight\u00a0\u00bb row_background_text_position=\u00a0\u00bbfront\u00a0\u00bb][vc_column width=\u00a0\u00bb1\/2&Prime;][vc_row_inner equal_height=\u00a0\u00bbyes\u00a0\u00bb][vc_column_inner el_class=\u00a0\u00bbhome_categories_half left\u00a0\u00bb width=\u00a0\u00bb1\/2&Prime; css=\u00a0\u00bb.vc_custom_1601401688851{background-image: url(http:\/\/itwredhead.ca\/wp-content\/uploads\/sites\/6\/2020\/09\/Red-Head-Sleeve-Install-Photo-rgb-1.jpg?id=7201) !important;background-position: center !important;background-repeat: no-repeat !important;background-size: cover !important;}\u00a0\u00bb][\/vc_column_inner][vc_column_inner el_class=\u00a0\u00bbhome_categories_half right\u00a0\u00bb width=\u00a0\u00bb1\/2&Prime; css=\u00a0\u00bb.vc_custom_1600101755591{background-color: #231f20 !important;}\u00a0\u00bb][vc_empty_space][\/vc_column_inner][\/vc_row_inner][\/vc_column][vc_column width=\u00a0\u00bb1\/2&Prime;][vc_row_inner equal_height=\u00a0\u00bbyes\u00a0\u00bb][vc_column_inner el_class=\u00a0\u00bbhome_categories_half left\u00a0\u00bb width=\u00a0\u00bb1\/2&Prime; css=\u00a0\u00bb.vc_custom_1601067176399{background-image: [&hellip;]<\/p>\n","protected":false},"author":1,"featured_media":0,"parent":0,"menu_order":0,"comment_status":"closed","ping_status":"closed","template":"full-width.php","meta":{"_acf_changed":false,"inline_featured_image":false,"footnotes":""},"class_list":["post-7997","page","type-page","status-publish","hentry"],"acf":[],"yoast_head":"<!-- This site is optimized with the Yoast SEO plugin v27.2 - https:\/\/yoast.com\/product\/yoast-seo-wordpress\/ -->\n<title>Main Home - Red Head<\/title>\n<meta name=\"description\" content=\"A business unit of ITW Construction Products Canada, a division of Illinois Tool Works, is a leading manufacturer of adhesive anchoring products and mechanical anchors in commercial construction.\" \/>\n<meta name=\"robots\" content=\"index, follow, max-snippet:-1, max-image-preview:large, max-video-preview:-1\" \/>\n<link rel=\"canonical\" href=\"https:\/\/itwredhead.ca\/fr\/\" \/>\n<meta property=\"og:locale\" content=\"fr_FR\" \/>\n<meta property=\"og:type\" content=\"article\" \/>\n<meta property=\"og:title\" content=\"Main Home - Red Head\" \/>\n<meta property=\"og:description\" content=\"A business unit of ITW Construction Products Canada, a division of Illinois Tool Works, is a leading manufacturer of adhesive anchoring products and mechanical anchors in commercial construction.\" \/>\n<meta property=\"og:url\" content=\"https:\/\/itwredhead.ca\/fr\/\" \/>\n<meta property=\"og:site_name\" content=\"Red Head\" \/>\n<meta property=\"article:modified_time\" content=\"2021-06-01T18:07:15+00:00\" \/>\n<meta name=\"twitter:card\" content=\"summary_large_image\" \/>\n<meta name=\"twitter:label1\" content=\"Dur\u00e9e de lecture estim\u00e9e\" \/>\n\t<meta name=\"twitter:data1\" content=\"5 minutes\" \/>\n<script type=\"application\/ld+json\" class=\"yoast-schema-graph\">{\"@context\":\"https:\/\/schema.org\",\"@graph\":[{\"@type\":\"WebPage\",\"@id\":\"https:\/\/itwredhead.ca\/fr\/\",\"url\":\"https:\/\/itwredhead.ca\/fr\/\",\"name\":\"Main Home - Red Head\",\"isPartOf\":{\"@id\":\"https:\/\/itwredhead.ca\/fr\/#website\"},\"datePublished\":\"2018-12-05T12:44:22+00:00\",\"dateModified\":\"2021-06-01T18:07:15+00:00\",\"description\":\"A business unit of ITW Construction Products Canada, a division of Illinois Tool Works, is a leading manufacturer of adhesive anchoring products and mechanical anchors in commercial construction.\",\"breadcrumb\":{\"@id\":\"https:\/\/itwredhead.ca\/fr\/#breadcrumb\"},\"inLanguage\":\"fr-FR\",\"potentialAction\":[{\"@type\":\"ReadAction\",\"target\":[\"https:\/\/itwredhead.ca\/fr\/\"]}]},{\"@type\":\"BreadcrumbList\",\"@id\":\"https:\/\/itwredhead.ca\/fr\/#breadcrumb\",\"itemListElement\":[{\"@type\":\"ListItem\",\"position\":1,\"name\":\"Home\",\"item\":\"https:\/\/itwredhead.ca\/fr\/\"},{\"@type\":\"ListItem\",\"position\":2,\"name\":\"Main Home\"}]},{\"@type\":\"WebSite\",\"@id\":\"https:\/\/itwredhead.ca\/fr\/#website\",\"url\":\"https:\/\/itwredhead.ca\/fr\/\",\"name\":\"Red Head\",\"description\":\"Concrete Anchoring and Reinforcing Solutions\",\"potentialAction\":[{\"@type\":\"SearchAction\",\"target\":{\"@type\":\"EntryPoint\",\"urlTemplate\":\"https:\/\/itwredhead.ca\/fr\/?s={search_term_string}\"},\"query-input\":{\"@type\":\"PropertyValueSpecification\",\"valueRequired\":true,\"valueName\":\"search_term_string\"}}],\"inLanguage\":\"fr-FR\"}]}<\/script>\n<!-- \/ Yoast SEO plugin. -->","yoast_head_json":{"title":"Main Home - Red Head","description":"A business unit of ITW Construction Products Canada, a division of Illinois Tool Works, is a leading manufacturer of adhesive anchoring products and mechanical anchors in commercial construction.","robots":{"index":"index","follow":"follow","max-snippet":"max-snippet:-1","max-image-preview":"max-image-preview:large","max-video-preview":"max-video-preview:-1"},"canonical":"https:\/\/itwredhead.ca\/fr\/","og_locale":"fr_FR","og_type":"article","og_title":"Main Home - Red Head","og_description":"A business unit of ITW Construction Products Canada, a division of Illinois Tool Works, is a leading manufacturer of adhesive anchoring products and mechanical anchors in commercial construction.","og_url":"https:\/\/itwredhead.ca\/fr\/","og_site_name":"Red Head","article_modified_time":"2021-06-01T18:07:15+00:00","twitter_card":"summary_large_image","twitter_misc":{"Dur\u00e9e de lecture estim\u00e9e":"5 minutes"},"schema":{"@context":"https:\/\/schema.org","@graph":[{"@type":"WebPage","@id":"https:\/\/itwredhead.ca\/fr\/","url":"https:\/\/itwredhead.ca\/fr\/","name":"Main Home - Red Head","isPartOf":{"@id":"https:\/\/itwredhead.ca\/fr\/#website"},"datePublished":"2018-12-05T12:44:22+00:00","dateModified":"2021-06-01T18:07:15+00:00","description":"A business unit of ITW Construction Products Canada, a division of Illinois Tool Works, is a leading manufacturer of adhesive anchoring products and mechanical anchors in commercial construction.","breadcrumb":{"@id":"https:\/\/itwredhead.ca\/fr\/#breadcrumb"},"inLanguage":"fr-FR","potentialAction":[{"@type":"ReadAction","target":["https:\/\/itwredhead.ca\/fr\/"]}]},{"@type":"BreadcrumbList","@id":"https:\/\/itwredhead.ca\/fr\/#breadcrumb","itemListElement":[{"@type":"ListItem","position":1,"name":"Home","item":"https:\/\/itwredhead.ca\/fr\/"},{"@type":"ListItem","position":2,"name":"Main Home"}]},{"@type":"WebSite","@id":"https:\/\/itwredhead.ca\/fr\/#website","url":"https:\/\/itwredhead.ca\/fr\/","name":"Red Head","description":"Concrete Anchoring and Reinforcing Solutions","potentialAction":[{"@type":"SearchAction","target":{"@type":"EntryPoint","urlTemplate":"https:\/\/itwredhead.ca\/fr\/?s={search_term_string}"},"query-input":{"@type":"PropertyValueSpecification","valueRequired":true,"valueName":"search_term_string"}}],"inLanguage":"fr-FR"}]}},"_links":{"self":[{"href":"https:\/\/itwredhead.ca\/fr\/wp-json\/wp\/v2\/pages\/7997","targetHints":{"allow":["GET"]}}],"collection":[{"href":"https:\/\/itwredhead.ca\/fr\/wp-json\/wp\/v2\/pages"}],"about":[{"href":"https:\/\/itwredhead.ca\/fr\/wp-json\/wp\/v2\/types\/page"}],"author":[{"embeddable":true,"href":"https:\/\/itwredhead.ca\/fr\/wp-json\/wp\/v2\/users\/1"}],"replies":[{"embeddable":true,"href":"https:\/\/itwredhead.ca\/fr\/wp-json\/wp\/v2\/comments?post=7997"}],"version-history":[{"count":0,"href":"https:\/\/itwredhead.ca\/fr\/wp-json\/wp\/v2\/pages\/7997\/revisions"}],"wp:attachment":[{"href":"https:\/\/itwredhead.ca\/fr\/wp-json\/wp\/v2\/media?parent=7997"}],"curies":[{"name":"wp","href":"https:\/\/api.w.org\/{rel}","templated":true}]}}